{"id":1924,"date":"2022-07-05T15:42:55","date_gmt":"2022-07-05T14:42:55","guid":{"rendered":"https:\/\/sl.valleywebdesigns.co.uk\/?page_id=1924"},"modified":"2026-02-25T10:36:26","modified_gmt":"2026-02-25T10:36:26","slug":"wichtige-dokumente","status":"publish","type":"page","link":"https:\/\/swansalesandlettings.co.uk\/de\/wichtige-dokumente\/","title":{"rendered":"Wichtige Dokumente"},"content":{"rendered":"<p>Hier finden Sie eine Liste wichtiger Dokumente, die Sie m\u00f6glicherweise ben\u00f6tigen, wenn Sie mit Swan Sales &amp; Lettings zusammenarbeiten. Sie k\u00f6nnen diese Dokumente bequem herunterladen.<\/p>\n\n\n\n<div class=\"wp-block-stackable-heading stk-block-heading stk-block-heading--v2 stk-block stk-2e9659f\" id=\"quick-finder\" data-block-id=\"2e9659f\"><h4 class=\"stk-block-heading__text stk-block-heading--use-theme-margins\">Schnellsucher<\/h4><\/div>\n\n\n\n<nav class=\"wp-block-stackable-table-of-contents stk-block-table-of-contents stk-block stk-cbcad31\" data-block-id=\"cbcad31\"><ul class=\"stk-table-of-contents__table\"><li><a href=\"#landlord-management-agreement\">Verwaltungsvertrag des Vermieters<\/a><\/li><li><a href=\"#inventory-price-list\">Preisliste f\u00fcr das Inventar<\/a><\/li><li><a href=\"#property-finders-fee\">Geb\u00fchr f\u00fcr Immobilienmakler<\/a><\/li><li><a href=\"#guarantee-agreement-for-student-accommodation\">Garantievereinbarung f\u00fcr Studentenwohnheime<\/a><\/li><li><a href=\"#occupational-contract\">Beruflicher Vertrag<\/a><\/li><\/ul><\/nav>\n\n\n\n<div class=\"wp-block-stackable-heading stk-block-heading stk-block-heading--v2 stk-block stk-077be6f\" id=\"landlord-management-agreement\" data-block-id=\"077be6f\"><style>.stk-077be6f {padding-top:20px !important;}<\/style><h2 class=\"stk-block-heading__text stk-block-heading--use-theme-margins\">Verwaltungsvertrag des Vermieters<\/h2><\/div>\n\n\n\n<p id=\"landlord-management-agreement\"><a href=\"https:\/\/swansalesandlettings.co.uk\/wp-content\/uploads\/2025\/02\/management-form-2025.docx\" target=\"_blank\" rel=\"noreferrer noopener\">Download Verwaltungsvertrag f\u00fcr Vermieter<\/a><\/p>\n\n\n\n<h2 class=\"wp-block-heading\" id=\"inventory-price-list\">Preisliste f\u00fcr das Inventar<\/h2>\n\n\n\n<p><a href=\"https:\/\/swansalesandlettings.co.uk\/wp-content\/uploads\/2023\/10\/INVENTORY-PRICE-LIST-watermark.docx\" target=\"_blank\" rel=\"noreferrer noopener\">Download der Inventar-Preisliste<\/a><\/p>\n\n\n\n<h2 class=\"wp-block-heading\" id=\"property-finders-fee\">Geb\u00fchr f\u00fcr Immobilienmakler<\/h2>\n\n\n\n<p><a href=\"https:\/\/swansalesandlettings.co.uk\/wp-content\/uploads\/2025\/02\/finders-fee-agreement-2025.docx\" target=\"_blank\" rel=\"noreferrer noopener\">Download Property Finders Fee<\/a><\/p>\n\n\n\n<h2 class=\"wp-block-heading\" id=\"guarantee-agreement-for-student-accommodation\">Garantievereinbarung f\u00fcr Studentenwohnheime<\/h2>\n\n\n\n<p><a href=\"https:\/\/swansalesandlettings.co.uk\/wp-content\/uploads\/2025\/02\/guarantor-form-2025.docx\" target=\"_blank\" rel=\"noreferrer noopener\">Download Garantievertrag f\u00fcr Studentenwohnheime<\/a><\/p>\n\n\n\n<h2 class=\"wp-block-heading\" id=\"occupational-contract\">Beruflicher Vertrag<\/h2>\n\n\n\n<p><a href=\"https:\/\/swansalesandlettings.co.uk\/wp-content\/uploads\/2026\/02\/Occuptional-Contract-20262027.docx\" target=\"_blank\" rel=\"noreferrer noopener\">Download Arbeitsvertrag<\/a><\/p>","protected":false},"excerpt":{"rendered":"<p>Here we list important documents you may need when dealing with Swan Sales &amp; Lettings, they can be downloaded for your convenience. Quick Finder Landlord Management Agreement Inventory Price List Property Finders Fee Guarantee agreement for student accommodation Occupational Contract Landlord Management Agreement Download Landlord Management Agreement Inventory Price List Download Inventory Price List Property [&hellip;]<\/p>\n","protected":false},"author":1,"featured_media":1484,"parent":0,"menu_order":0,"comment_status":"closed","ping_status":"closed","template":"","meta":{"_kad_blocks_custom_css":"","_kad_blocks_head_custom_js":"","_kad_blocks_body_custom_js":"","_kad_blocks_footer_custom_js":"","footnotes":""},"class_list":["post-1924","page","type-page","status-publish","has-post-thumbnail","hentry"],"blocksy_meta":{"styles_descriptor":{"styles":{"desktop":"","tablet":"","mobile":""},"google_fonts":[],"version":6}},"taxonomy_info":[],"featured_image_src_large":["https:\/\/swansalesandlettings.co.uk\/wp-content\/uploads\/2022\/03\/photo-coming-soon-wide.jpg",645,428,false],"author_info":{"display_name":"Rob_John@2","author_link":"https:\/\/swansalesandlettings.co.uk\/de\/author\/rob_john2\/"},"comment_info":"","_links":{"self":[{"href":"https:\/\/swansalesandlettings.co.uk\/de\/wp-json\/wp\/v2\/pages\/1924","targetHints":{"allow":["GET"]}}],"collection":[{"href":"https:\/\/swansalesandlettings.co.uk\/de\/wp-json\/wp\/v2\/pages"}],"about":[{"href":"https:\/\/swansalesandlettings.co.uk\/de\/wp-json\/wp\/v2\/types\/page"}],"author":[{"embeddable":true,"href":"https:\/\/swansalesandlettings.co.uk\/de\/wp-json\/wp\/v2\/users\/1"}],"replies":[{"embeddable":true,"href":"https:\/\/swansalesandlettings.co.uk\/de\/wp-json\/wp\/v2\/comments?post=1924"}],"version-history":[{"count":39,"href":"https:\/\/swansalesandlettings.co.uk\/de\/wp-json\/wp\/v2\/pages\/1924\/revisions"}],"predecessor-version":[{"id":13725,"href":"https:\/\/swansalesandlettings.co.uk\/de\/wp-json\/wp\/v2\/pages\/1924\/revisions\/13725"}],"wp:featuredmedia":[{"embeddable":true,"href":"https:\/\/swansalesandlettings.co.uk\/de\/wp-json\/wp\/v2\/media\/1484"}],"wp:attachment":[{"href":"https:\/\/swansalesandlettings.co.uk\/de\/wp-json\/wp\/v2\/media?parent=1924"}],"curies":[{"name":"wp","href":"https:\/\/api.w.org\/{rel}","templated":true}]}}