{"id":50,"date":"2022-02-15T20:07:08","date_gmt":"2022-02-15T20:07:08","guid":{"rendered":"https:\/\/sl.valleywebdesigns.co.uk\/?page_id=50"},"modified":"2022-10-15T10:26:24","modified_gmt":"2022-10-15T09:26:24","slug":"immobilien-verwaltung-schwanensee","status":"publish","type":"page","link":"https:\/\/swansalesandlettings.co.uk\/de\/immobilien-verwaltung-schwanensee\/","title":{"rendered":"Hausverwaltung Swansea"},"content":{"rendered":"<div class=\"wp-block-stackable-subtitle stk-block-subtitle stk-block stk-537c716\" data-block-id=\"537c716\"><style>.stk-537c716 .stk-block-subtitle__text{font-size:1.4rem !important;color:var(--theme-palette-color-3,#3A4F66) !important;line-height:1em !important;font-weight:bold !important}@media screen and (max-width:999px){.stk-537c716 .stk-block-subtitle__text{font-size:1.4rem !important}}<\/style><p class=\"stk-block-subtitle__text stk-subtitle has-text-color has-palette-color-3-color\">Schwan Vermietungen<\/p><\/div>\n\n\n\n<div class=\"wp-block-stackable-heading stk-block-heading stk-block stk-636687e\" id=\"why-choose-swan-letting\" data-block-id=\"636687e\"><style>.stk-636687e .stk-block-heading__text{margin:0 !important}.stk-636687e .stk-block-heading__bottom-line{background-color:var(--theme-palette-color-2,#F77F00) !important}<\/style><h2 class=\"stk-block-heading__text has-text-align-left\">Hausverwaltung Swansea<\/h2><div class=\"stk-block-heading__bottom-line\"><\/div><\/div>\n\n\n\n<p>Eine professionelle und gleichzeitig kosteng\u00fcnstige Immobilienverwaltung zu finden, ist traditionell nicht einfach. Bei Swan Sales &amp; Lettings wenden wir auf die von uns verwalteten Immobilien dieselben Grunds\u00e4tze an wie auf unsere eigenen. Das bedeutet, dass Sie sicher sein k\u00f6nnen, dass wir die Immobilie mit genau der gleichen Liebe zum Detail vermarkten und Ihre Mieter betreuen werden.<\/p>\n\n\n\n<div class=\"wp-block-stackable-heading stk-block-heading stk-block stk-c26b89c\" id=\"for-the-landlord-we-will-handle\" data-block-id=\"c26b89c\"><h3 class=\"stk-block-heading__text\">F\u00fcr den Vermieter werden wir das \u00fcbernehmen:<\/h3><\/div>\n\n\n\n<ul class=\"wp-block-list\"><li><em>Werbeschilder<\/em><\/li><li><em>Auswahl des Mieters<\/em><\/li><li><em>Mietvertr\u00e4ge<\/em><\/li><li><em>Instandhaltung von Immobilien<\/em><\/li><li><em>Notrufe<\/em><\/li><li><em>Inspektionen<\/em><\/li><li><em>Reinigung am Ende des Mietverh\u00e4ltnisses<\/em><\/li><li><em>Wiederholung der Zertifizierung von Versorgungsunternehmen<\/em><\/li><\/ul>\n\n\n\n<div class=\"wp-block-stackable-heading stk-block-heading stk-block stk-0ed222e\" id=\"for-your-tenants-this-means\" data-block-id=\"0ed222e\"><h3 class=\"stk-block-heading__text\">F\u00fcr Ihre Mieter bedeutet dies:<\/h3><\/div>\n\n\n\n<ul class=\"wp-block-list\"><li><em>Ein lokaler Vermieter<\/em><\/li><li><em>Gut verwaltete Mietverh\u00e4ltnisse<\/em><\/li><li><em>Gut gepflegte Immobilien<\/em><\/li><li><em>Unterst\u00fctzung bei Notfalleins\u00e4tzen<\/em><\/li><li><em>Regelm\u00e4\u00dfige Kontrollen<\/em><\/li><li><em>Pers\u00f6nlicher Service<\/em><\/li><\/ul>\n\n\n\n<p>Wenn Sie mehr dar\u00fcber erfahren m\u00f6chten, wie Swan Sales &amp; Lettings Sie bei der Verwaltung Ihrer Immobilie unterst\u00fctzen kann,\u00a0<a href=\"https:\/\/www.swanletting.com\/contact-us?view=message&amp;layout=message&amp;pf=1&amp;redirect_on_success=\" target=\"_blank\" rel=\"noopener\">Nehmen Sie noch heute Kontakt mit uns auf<\/a>.<\/p>","protected":false},"excerpt":{"rendered":"<p>Swan Lettings Property Management Swansea Finding a property management service which is both professional and cost-effective has traditionally not been easy. At Swan Sales &amp; Lettings we apply the same principles to the properties we manage as we do to our own. This means that you can be sure we will promote the property and [&hellip;]<\/p>\n","protected":false},"author":1,"featured_media":1484,"parent":0,"menu_order":0,"comment_status":"closed","ping_status":"closed","template":"","meta":{"_kad_blocks_custom_css":"","_kad_blocks_head_custom_js":"","_kad_blocks_body_custom_js":"","_kad_blocks_footer_custom_js":"","footnotes":""},"class_list":["post-50","page","type-page","status-publish","has-post-thumbnail","hentry"],"blocksy_meta":{"styles_descriptor":{"styles":{"desktop":"","tablet":"","mobile":""},"google_fonts":[],"version":6}},"taxonomy_info":[],"featured_image_src_large":["https:\/\/swansalesandlettings.co.uk\/wp-content\/uploads\/2022\/03\/photo-coming-soon-wide.jpg",645,428,false],"author_info":{"display_name":"Rob_John@2","author_link":"https:\/\/swansalesandlettings.co.uk\/de\/author\/rob_john2\/"},"comment_info":"","_links":{"self":[{"href":"https:\/\/swansalesandlettings.co.uk\/de\/wp-json\/wp\/v2\/pages\/50","targetHints":{"allow":["GET"]}}],"collection":[{"href":"https:\/\/swansalesandlettings.co.uk\/de\/wp-json\/wp\/v2\/pages"}],"about":[{"href":"https:\/\/swansalesandlettings.co.uk\/de\/wp-json\/wp\/v2\/types\/page"}],"author":[{"embeddable":true,"href":"https:\/\/swansalesandlettings.co.uk\/de\/wp-json\/wp\/v2\/users\/1"}],"replies":[{"embeddable":true,"href":"https:\/\/swansalesandlettings.co.uk\/de\/wp-json\/wp\/v2\/comments?post=50"}],"version-history":[{"count":6,"href":"https:\/\/swansalesandlettings.co.uk\/de\/wp-json\/wp\/v2\/pages\/50\/revisions"}],"predecessor-version":[{"id":12347,"href":"https:\/\/swansalesandlettings.co.uk\/de\/wp-json\/wp\/v2\/pages\/50\/revisions\/12347"}],"wp:featuredmedia":[{"embeddable":true,"href":"https:\/\/swansalesandlettings.co.uk\/de\/wp-json\/wp\/v2\/media\/1484"}],"wp:attachment":[{"href":"https:\/\/swansalesandlettings.co.uk\/de\/wp-json\/wp\/v2\/media?parent=50"}],"curies":[{"name":"wp","href":"https:\/\/api.w.org\/{rel}","templated":true}]}}