{"id":1949,"date":"2022-06-19T16:58:21","date_gmt":"2022-06-19T15:58:21","guid":{"rendered":"https:\/\/sl.valleywebdesigns.co.uk\/?page_id=1949"},"modified":"2023-10-09T21:34:24","modified_gmt":"2023-10-09T20:34:24","slug":"inventario-servicios","status":"publish","type":"page","link":"https:\/\/swansalesandlettings.co.uk\/es\/inventario-servicios\/","title":{"rendered":"Servicios de inventario"},"content":{"rendered":"<p>Pedimos a los estudiantes que paguen una fianza al principio de su alquiler. A veces los estudiantes se sorprenden cuando tenemos que retener una parte de esta fianza al final del alquiler, ya sea por da\u00f1os en las habitaciones o en las instalaciones, o si tenemos que pagar la limpieza de las habitaciones por su mal estado.<\/p>\n\n\n<style>.kb-row-layout-id1949_094afa-56 > .kt-row-column-wrap{align-content:start;}:where(.kb-row-layout-id1949_094afa-56 > .kt-row-column-wrap) > .wp-block-kadence-column{justify-content:start;}.kb-row-layout-id1949_094afa-56 > .kt-row-column-wrap{column-gap:var(--global-kb-gap-md, 2rem);row-gap:var(--global-kb-gap-md, 2rem);padding-top:var(--global-kb-spacing-sm, 1.5rem);padding-bottom:var(--global-kb-spacing-sm, 1.5rem);grid-template-columns:minmax(0, calc(60% - ((var(--global-kb-gap-md, 2rem) * 1 )\/2)))minmax(0, calc(40% - ((var(--global-kb-gap-md, 2rem) * 1 )\/2)));}.kb-row-layout-id1949_094afa-56 > .kt-row-layout-overlay{opacity:0.30;}@media all and (max-width: 1024px){.kb-row-layout-id1949_094afa-56 > .kt-row-column-wrap{grid-template-columns:repeat(2, minmax(0, 1fr));}}@media all and (max-width: 767px){.kb-row-layout-id1949_094afa-56 > .kt-row-column-wrap{grid-template-columns:minmax(0, 1fr);}}<\/style><div class=\"kb-row-layout-wrap kb-row-layout-id1949_094afa-56 alignnone wp-block-kadence-rowlayout\"><div class=\"kt-row-column-wrap kt-has-2-columns kt-row-layout-equal kt-tab-layout-inherit kt-mobile-layout-row kt-row-valign-top\">\n<style>.kadence-column1949_043400-72 > .kt-inside-inner-col,.kadence-column1949_043400-72 > .kt-inside-inner-col:before{border-top-left-radius:0px;border-top-right-radius:0px;border-bottom-right-radius:0px;border-bottom-left-radius:0px;}.kadence-column1949_043400-72 > .kt-inside-inner-col{column-gap:var(--global-kb-gap-sm, 1rem);}.kadence-column1949_043400-72 > .kt-inside-inner-col{flex-direction:column;}.kadence-column1949_043400-72 > .kt-inside-inner-col > .aligncenter{width:100%;}.kadence-column1949_043400-72 > .kt-inside-inner-col:before{opacity:0.3;}.kadence-column1949_043400-72{position:relative;}@media all and (max-width: 1024px){.kadence-column1949_043400-72 > .kt-inside-inner-col{flex-direction:column;justify-content:center;}}@media all and (max-width: 767px){.kadence-column1949_043400-72 > .kt-inside-inner-col{flex-direction:column;justify-content:center;}}<\/style>\n<div class=\"wp-block-kadence-column kadence-column1949_043400-72 inner-column-1\"><div class=\"kt-inside-inner-col\">\n<figure class=\"wp-block-table is-style-stripes\"><table class=\"has-palette-color-6-background-color has-background\"><thead><tr><th>Tama\u00f1o de la propiedad<\/th><th>Precios de los inventarios<\/th><\/tr><\/thead><tbody><tr><td><strong>Propiedad de 1 dormitorio\/estudio<\/strong><\/td><td><strong>\u00a390<\/strong>+iva<\/td><\/tr><tr><td><strong>Propiedad de 2 dormitorios<\/strong><\/td><td><strong>\u00a3100<\/strong>+iva<\/td><\/tr><tr><td><strong>Propiedad de 3 dormitorios<\/strong><\/td><td><strong>\u00a3115<\/strong>+iva<\/td><\/tr><tr><td><strong>Propiedad de 4 dormitorios<\/strong><\/td><td><strong>\u00a3130<\/strong>+iva<\/td><\/tr><tr><td><strong>Propiedad de 5 dormitorios<\/strong><\/td><td><strong>\u00a3145<\/strong>+iva<\/td><\/tr><tr><td><strong>Propiedad de 6 habitaciones<\/strong><\/td><td><strong>\u00a3155<\/strong>+iva<\/td><\/tr><tr><td><strong>Propiedad de 7 habitaciones<\/strong><\/td><td><strong>\u00a3165<\/strong>+iva<\/td><\/tr><tr><td><strong>Propiedad de 8 habitaciones<\/strong><\/td><td><strong>\u00a3175<\/strong>+iva<\/td><\/tr><tr><td><strong>Propiedad de 9 habitaciones<\/strong><\/td><td><strong>\u00a3185<\/strong>+iva<\/td><\/tr><tr><td><strong>Propiedad de 10 habitaciones<\/strong><\/td><td><strong>\u00a3195<\/strong>+iva<\/td><\/tr><\/tbody><\/table><figcaption class=\"wp-element-caption\"><strong>Las habitaciones adicionales de m\u00e1s de 10 personas supondr\u00e1n un cargo de 10 libras esterlinas m\u00e1s iva por habitaci\u00f3n.<\/strong><\/figcaption><\/figure>\n<\/div><\/div>\n\n\n<style>.kadence-column1949_e0bd24-17 > .kt-inside-inner-col,.kadence-column1949_e0bd24-17 > .kt-inside-inner-col:before{border-top-left-radius:0px;border-top-right-radius:0px;border-bottom-right-radius:0px;border-bottom-left-radius:0px;}.kadence-column1949_e0bd24-17 > .kt-inside-inner-col{column-gap:var(--global-kb-gap-sm, 1rem);}.kadence-column1949_e0bd24-17 > .kt-inside-inner-col{flex-direction:column;}.kadence-column1949_e0bd24-17 > .kt-inside-inner-col > .aligncenter{width:100%;}.kadence-column1949_e0bd24-17 > .kt-inside-inner-col:before{opacity:0.3;}.kadence-column1949_e0bd24-17{position:relative;}@media all and (max-width: 1024px){.kadence-column1949_e0bd24-17 > .kt-inside-inner-col{flex-direction:column;justify-content:center;}}@media all and (max-width: 767px){.kadence-column1949_e0bd24-17 > .kt-inside-inner-col{flex-direction:column;justify-content:center;}}<\/style>\n<div class=\"wp-block-kadence-column kadence-column1949_e0bd24-17 inner-column-2\"><div class=\"kt-inside-inner-col\"><\/div><\/div>\n\n<\/div><\/div>","protected":false},"excerpt":{"rendered":"<p>We ask students to pay a deposit at the beginning of their tenancy. Students are sometimes surprised when we have to keep a portion of this deposit at the end of the tenancy, either because of damage to rooms or fixtures, or if we have to pay to have rooms cleaned because of their bad [&hellip;]<\/p>\n","protected":false},"author":1,"featured_media":1484,"parent":0,"menu_order":0,"comment_status":"closed","ping_status":"closed","template":"","meta":{"_kad_blocks_custom_css":"","_kad_blocks_head_custom_js":"","_kad_blocks_body_custom_js":"","_kad_blocks_footer_custom_js":"","footnotes":""},"class_list":["post-1949","page","type-page","status-publish","has-post-thumbnail","hentry"],"blocksy_meta":{"styles_descriptor":{"styles":{"desktop":"","tablet":"","mobile":""},"google_fonts":[],"version":6}},"taxonomy_info":[],"featured_image_src_large":["https:\/\/swansalesandlettings.co.uk\/wp-content\/uploads\/2022\/03\/photo-coming-soon-wide.jpg",645,428,false],"author_info":{"display_name":"Rob_John@2","author_link":"https:\/\/swansalesandlettings.co.uk\/es\/author\/rob_john2\/"},"comment_info":"","_links":{"self":[{"href":"https:\/\/swansalesandlettings.co.uk\/es\/wp-json\/wp\/v2\/pages\/1949","targetHints":{"allow":["GET"]}}],"collection":[{"href":"https:\/\/swansalesandlettings.co.uk\/es\/wp-json\/wp\/v2\/pages"}],"about":[{"href":"https:\/\/swansalesandlettings.co.uk\/es\/wp-json\/wp\/v2\/types\/page"}],"author":[{"embeddable":true,"href":"https:\/\/swansalesandlettings.co.uk\/es\/wp-json\/wp\/v2\/users\/1"}],"replies":[{"embeddable":true,"href":"https:\/\/swansalesandlettings.co.uk\/es\/wp-json\/wp\/v2\/comments?post=1949"}],"version-history":[{"count":4,"href":"https:\/\/swansalesandlettings.co.uk\/es\/wp-json\/wp\/v2\/pages\/1949\/revisions"}],"predecessor-version":[{"id":5616,"href":"https:\/\/swansalesandlettings.co.uk\/es\/wp-json\/wp\/v2\/pages\/1949\/revisions\/5616"}],"wp:featuredmedia":[{"embeddable":true,"href":"https:\/\/swansalesandlettings.co.uk\/es\/wp-json\/wp\/v2\/media\/1484"}],"wp:attachment":[{"href":"https:\/\/swansalesandlettings.co.uk\/es\/wp-json\/wp\/v2\/media?parent=1949"}],"curies":[{"name":"wp","href":"https:\/\/api.w.org\/{rel}","templated":true}]}}