{"id":22,"date":"2022-02-15T19:54:59","date_gmt":"2022-02-15T19:54:59","guid":{"rendered":"https:\/\/sl.valleywebdesigns.co.uk\/?page_id=22"},"modified":"2022-10-15T10:31:56","modified_gmt":"2022-10-15T09:31:56","slug":"proteccion-de-depositos","status":"publish","type":"page","link":"https:\/\/swansalesandlettings.co.uk\/es\/proteccion-de-depositos\/","title":{"rendered":"Protecci\u00f3n de los dep\u00f3sitos"},"content":{"rendered":"<div class=\"wp-block-stackable-columns alignwide stk-block-columns stk-block stk-f86cfeb stk-block-background\" data-block-id=\"f86cfeb\"><style>.stk-f86cfeb{background-color:transparent !important}.stk-f86cfeb:before{background-color:transparent !important}.stk-f86cfeb-column{--stk-column-gap:20px !important}<\/style><div class=\"stk-row stk-inner-blocks stk-block-content stk-content-align stk-f86cfeb-column\">\n<div class=\"wp-block-stackable-column stk-block-column stk-block-column--v2 stk-column stk-block stk-4a4778e\" data-block-id=\"4a4778e\"><style>@media screen and (min-width:690px){.stk-4a4778e{flex:1 1 calc(55% - var(--stk-column-gap,0px) * 1 \/ 2 ) !important}}.stk-4a4778e-container{display:flex !important}.stk-4a4778e-inner-blocks{justify-content:flex-start !important}.stk-4a4778e-container{flex-direction:column !important}<\/style><div class=\"stk-column-wrapper stk-block-column__content stk-container stk-4a4778e-container stk--no-background stk--no-padding\"><div class=\"stk-block-content stk-inner-blocks stk-4a4778e-inner-blocks\">\n<div class=\"wp-block-stackable-subtitle stk-block-subtitle stk-block stk-537c716\" data-block-id=\"537c716\"><style>.stk-537c716 .stk-block-subtitle__text{font-size:1.4rem !important;color:var(--theme-palette-color-3,#3A4F66) !important;line-height:1em !important;font-weight:bold !important}@media screen and (max-width:999px){.stk-537c716 .stk-block-subtitle__text{font-size:1.4rem !important}}<\/style><p class=\"stk-block-subtitle__text stk-subtitle has-text-color has-palette-color-3-color\">Swan Sales &amp; Lettings<\/p><\/div>\n\n\n\n<div class=\"wp-block-stackable-heading stk-block-heading stk-block stk-db896b4\" id=\"why-choose-swan-letting\" data-block-id=\"db896b4\"><style>.stk-db896b4 .stk-block-heading__text{margin:0 !important}.stk-db896b4 .stk-block-heading__bottom-line{background-color:var(--theme-palette-color-2,#F77F00) !important}<\/style><h2 class=\"stk-block-heading__text has-text-align-left\">Protecci\u00f3n de los dep\u00f3sitos<\/h2><div class=\"stk-block-heading__bottom-line\"><\/div><\/div>\n\n\n\n<p>Todos los dep\u00f3sitos de nuestros inquilinos se mantienen en mydeposits.co.uk. Este es un esquema de dep\u00f3sito protegido por el gobierno que asegura que su dep\u00f3sito est\u00e1 protegido por la ley.<\/p>\n\n\n\n<p>Si quiere saber m\u00e1s sobre mydeposits.co.uk, siga este enlace.<\/p>\n\n\n\n<p>Para saber m\u00e1s sobre el funcionamiento del sistema de protecci\u00f3n de dep\u00f3sitos, siga este enlace.<\/p>\n\n\n\n<div class=\"wp-block-stackable-button-group stk-block-button-group stk-block stk-5c0d3a9\" data-block-id=\"5c0d3a9\"><div class=\"stk-row stk-inner-blocks stk-block-content stk-button-group\">\n<div class=\"wp-block-stackable-button stk-block-button stk-block stk-7bc03b3\" data-block-id=\"7bc03b3\"><style>.stk-7bc03b3 .stk-button .stk--inner-svg svg:last-child{height:22px !important;width:22px !important}<\/style><a class=\"stk-link stk-button stk--hover-effect-darken\" href=\"https:\/\/www.mydeposits.co.uk\/\" target=\"_blank\" rel=\"noreferrer noopener\"><span class=\"stk-button__inner-text\">Visite Mis Dep\u00f3sitos para m\u00e1s detalles<\/span><span class=\"stk--svg-wrapper\"><div class=\"stk--inner-svg\"><svg aria-hidden=\"true\" focusable=\"false\" data-prefix=\"fas\" data-icon=\"info-circle\" class=\"svg-inline--fa fa-info-circle fa-w-16\" xmlns=\"http:\/\/www.w3.org\/2000\/svg\" viewbox=\"0 0 512 512\" width=\"32\" height=\"32\"><path fill=\"currentColor\" d=\"M256 8C119.043 8 8 119.083 8 256c0 136.997 111.043 248 248 248s248-111.003 248-248C504 119.083 392.957 8 256 8zm0 110c23.196 0 42 18.804 42 42s-18.804 42-42 42-42-18.804-42-42 18.804-42 42-42zm56 254c0 6.627-5.373 12-12 12h-88c-6.627 0-12-5.373-12-12v-24c0-6.627 5.373-12 12-12h12v-64h-12c-6.627 0-12-5.373-12-12v-24c0-6.627 5.373-12 12-12h64c6.627 0 12 5.373 12 12v100h12c6.627 0 12 5.373 12 12v24z\"><\/path><\/svg><\/div><\/span><\/a><\/div>\n<\/div><\/div>\n<\/div><\/div><\/div>\n\n\n\n<div class=\"wp-block-stackable-column stk-block-column stk-block-column--v2 stk-column stk-block stk-bfcdbd7\" data-block-id=\"bfcdbd7\"><style>.stk-bfcdbd7{display:flex !important}.stk-bfcdbd7{align-items:center !important}@media screen and (min-width:690px){.stk-bfcdbd7{flex:1 1 calc(45% - var(--stk-column-gap,0px) * 1 \/ 2 ) !important}}<\/style><div class=\"stk-column-wrapper stk-block-column__content stk-container stk-bfcdbd7-container stk--no-background stk--no-padding\"><div class=\"stk-block-content stk-inner-blocks stk-bfcdbd7-inner-blocks\">\n<div class=\"wp-block-stackable-columns stk-block-columns stk-block stk-0873144\" data-block-id=\"0873144\"><style>.stk-0873144 .stk--block-align-0873144{align-items:center !important}.stk-0873144{margin-bottom:8px !important;display:flex !important}.stk-0873144{align-items:flex-start !important}<\/style><div class=\"stk-row stk-inner-blocks stk--block-align-0873144 stk-block-content stk-content-align stk-0873144-column\">\n<div class=\"wp-block-stackable-column stk-block-column stk-block-column--v2 stk-column stk-block stk-888f770\" data-block-id=\"888f770\"><style>.stk-888f770-container{box-shadow:none !important}.stk-888f770-container{min-height:500px !important;display:flex !important}.stk-888f770-inner-blocks{justify-content:center !important}.stk-888f770-container{flex-direction:column !important}<\/style><div class=\"stk-column-wrapper stk-block-column__content stk-container stk-888f770-container stk--no-background stk--no-padding\"><div class=\"stk-block-content stk-inner-blocks stk-888f770-inner-blocks\">\n<div class=\"wp-block-stackable-image stk-block-image stk-block stk-54f0b3e\" data-block-id=\"54f0b3e\"><style>.stk-54f0b3e .stk-img-wrapper img,.stk-54f0b3e .stk-img-wrapper::after,.stk-54f0b3e .stk-img-wrapper::before{mask-image:url('data:image\/svg+xml;base64,PHN2ZyB4bWxucz0iaHR0cDovL3d3dy53My5vcmcvMjAwMC9zdmciIHZpZXdCb3g9IjAgMCA2MDAgNjAwIiBwcmVzZXJ2ZUFzcGVjdFJhdGlvPSJub25lIj48cGF0aCBkPSJNNTU1IDY5LjZjNTcuNiA3MC40IDU2LjIgMjA4LjMgMTYuOSAyOTkuOC0zOS4zIDkxLjYtMTE2LjIgMTM2LjgtMTczLjggMTY3LjItNTcuNCAzMC42LTk1LjYgNDYuMy0xNDIuMiA1Ni4yLTQ2LjUgOS45LTEwMS4zIDE0LTEzNS42LTE2LjYtMzQuMi0zMC42LTQ3LjgtOTUuMy03NC41LTE5MkMxOC45IDI4Ny42LTIxIDE1OS4xIDEzLjIgODkgNDcuNCAxOC42IDE1NS45IDYuMyAyNjguMyAxLjZjMTEyLjUtNSAyMjktMi40IDI4Ni43IDY4eiI+PC9wYXRoPjwvc3ZnPg==') !important;-webkit-mask-image:url('data:image\/svg+xml;base64,PHN2ZyB4bWxucz0iaHR0cDovL3d3dy53My5vcmcvMjAwMC9zdmciIHZpZXdCb3g9IjAgMCA2MDAgNjAwIiBwcmVzZXJ2ZUFzcGVjdFJhdGlvPSJub25lIj48cGF0aCBkPSJNNTU1IDY5LjZjNTcuNiA3MC40IDU2LjIgMjA4LjMgMTYuOSAyOTkuOC0zOS4zIDkxLjYtMTE2LjIgMTM2LjgtMTczLjggMTY3LjItNTcuNCAzMC42LTk1LjYgNDYuMy0xNDIuMiA1Ni4yLTQ2LjUgOS45LTEwMS4zIDE0LTEzNS42LTE2LjYtMzQuMi0zMC42LTQ3LjgtOTUuMy03NC41LTE5MkMxOC45IDI4Ny42LTIxIDE1OS4xIDEzLjIgODkgNDcuNCAxOC42IDE1NS45IDYuMyAyNjguMyAxLjZjMTEyLjUtNSAyMjktMi40IDI4Ni43IDY4eiI+PC9wYXRoPjwvc3ZnPg==') !important}<\/style><figure class=\"stk-img-wrapper stk-img--shape stk-image--shape-stretch\"><img fetchpriority=\"high\" decoding=\"async\" class=\"stk-img wp-image-1055\" src=\"https:\/\/swansalesandlettings.co.uk\/wp-content\/uploads\/2022\/02\/swan-letting-swansea-016-1024x683.jpg\" width=\"1024\" height=\"683\" alt=\"Swan Letting Swansea 016\" srcset=\"https:\/\/swansalesandlettings.co.uk\/wp-content\/uploads\/2022\/02\/swan-letting-swansea-016-1024x683.jpg 1024w, https:\/\/swansalesandlettings.co.uk\/wp-content\/uploads\/2022\/02\/swan-letting-swansea-016-300x200.jpg 300w, https:\/\/swansalesandlettings.co.uk\/wp-content\/uploads\/2022\/02\/swan-letting-swansea-016-768x512.jpg 768w, https:\/\/swansalesandlettings.co.uk\/wp-content\/uploads\/2022\/02\/swan-letting-swansea-016-1536x1024.jpg 1536w, https:\/\/swansalesandlettings.co.uk\/wp-content\/uploads\/2022\/02\/swan-letting-swansea-016-600x400.jpg 600w, https:\/\/swansalesandlettings.co.uk\/wp-content\/uploads\/2022\/02\/swan-letting-swansea-016-860x573.jpg 860w, https:\/\/swansalesandlettings.co.uk\/wp-content\/uploads\/2022\/02\/swan-letting-swansea-016.jpg 1920w\" sizes=\"(max-width: 1024px) 100vw, 1024px\" \/><\/figure><\/div>\n<\/div><\/div><\/div>\n<\/div><\/div>\n<\/div><\/div><\/div>\n<\/div><\/div>","protected":false},"excerpt":{"rendered":"<p>Swan Sales &amp; Lettings Deposit Protection All our tenants deposits are held with mydeposits.co.uk. This is a government protected deposit scheme that ensures that your deposit is protected by law. If you want to know more about mydeposits.co.uk, please follow this link. To learn more about how the deposit protection scheme works, please follow this [&hellip;]<\/p>\n","protected":false},"author":1,"featured_media":1484,"parent":0,"menu_order":0,"comment_status":"closed","ping_status":"closed","template":"","meta":{"_kad_blocks_custom_css":"","_kad_blocks_head_custom_js":"","_kad_blocks_body_custom_js":"","_kad_blocks_footer_custom_js":"","footnotes":""},"class_list":["post-22","page","type-page","status-publish","has-post-thumbnail","hentry"],"blocksy_meta":{"styles_descriptor":{"styles":{"desktop":"","tablet":"","mobile":""},"google_fonts":[],"version":6}},"taxonomy_info":[],"featured_image_src_large":["https:\/\/swansalesandlettings.co.uk\/wp-content\/uploads\/2022\/03\/photo-coming-soon-wide.jpg",645,428,false],"author_info":{"display_name":"Rob_John@2","author_link":"https:\/\/swansalesandlettings.co.uk\/es\/author\/rob_john2\/"},"comment_info":"","_links":{"self":[{"href":"https:\/\/swansalesandlettings.co.uk\/es\/wp-json\/wp\/v2\/pages\/22","targetHints":{"allow":["GET"]}}],"collection":[{"href":"https:\/\/swansalesandlettings.co.uk\/es\/wp-json\/wp\/v2\/pages"}],"about":[{"href":"https:\/\/swansalesandlettings.co.uk\/es\/wp-json\/wp\/v2\/types\/page"}],"author":[{"embeddable":true,"href":"https:\/\/swansalesandlettings.co.uk\/es\/wp-json\/wp\/v2\/users\/1"}],"replies":[{"embeddable":true,"href":"https:\/\/swansalesandlettings.co.uk\/es\/wp-json\/wp\/v2\/comments?post=22"}],"version-history":[{"count":22,"href":"https:\/\/swansalesandlettings.co.uk\/es\/wp-json\/wp\/v2\/pages\/22\/revisions"}],"predecessor-version":[{"id":3116,"href":"https:\/\/swansalesandlettings.co.uk\/es\/wp-json\/wp\/v2\/pages\/22\/revisions\/3116"}],"wp:featuredmedia":[{"embeddable":true,"href":"https:\/\/swansalesandlettings.co.uk\/es\/wp-json\/wp\/v2\/media\/1484"}],"wp:attachment":[{"href":"https:\/\/swansalesandlettings.co.uk\/es\/wp-json\/wp\/v2\/media?parent=22"}],"curies":[{"name":"wp","href":"https:\/\/api.w.org\/{rel}","templated":true}]}}