{"id":30,"date":"2022-02-15T19:56:55","date_gmt":"2022-02-15T19:56:55","guid":{"rendered":"https:\/\/sl.valleywebdesigns.co.uk\/?page_id=30"},"modified":"2022-02-15T19:56:55","modified_gmt":"2022-02-15T19:56:55","slug":"centro-de-la-ciudad","status":"publish","type":"page","link":"https:\/\/swansalesandlettings.co.uk\/es\/centro-de-la-ciudad\/","title":{"rendered":"Centro de la ciudad"},"content":{"rendered":"<p>Swansea tiene una gran reputaci\u00f3n como ciudad para estudiantes y hay algo que ver y hacer para todos. La gente es conocida por su amabilidad, hay muchas tiendas y una gran vida nocturna. La bah\u00eda de Swansea es preciosa y la cercana Gower es uno de los secretos ocultos del Reino Unido. Las playas son tan buenas como las de cualquier otro lugar del Reino Unido. Si prefiere ir hacia el interior, encontrar\u00e1 los impresionantes paisajes del valle, las colinas y las monta\u00f1as de Gales. Las conexiones por carretera y ferrocarril con el resto del pa\u00eds son buenas.<\/p>\n\n\n\n<p>Si le gusta el deporte, el Swansea City juega en la Premiership. El club de f\u00fatbol comparte el estadio con el Ospreys, por lo que tambi\u00e9n podr\u00e1s ver la acci\u00f3n de la copa Heineken y la liga galesa de rugby.<\/p>\n\n\n\n<p>Swansea ha cambiado mucho en los \u00faltimos a\u00f1os. El desarrollo de SA1 en una mezcla de desarrollo empresarial, residencial y comercial est\u00e1 casi terminado y el nuevo Boulevard promete mejorar a\u00fan m\u00e1s la entrada a la ciudad.<\/p>\n\n\n\n<p>Hay muchas atracciones, como el vanguardista centro de ocio (LC2) situado en pleno centro de la ciudad, el Museo del Transporte de Gales y la piscina internacional de Gales.<\/p>\n\n\n\n<p>La cercana Wind Street ofrece una gran cantidad de pubs y clubes populares, restaurantes y lugares de entretenimiento, incluyendo un cine m\u00faltiple de 12 pantallas de \u00faltima generaci\u00f3n y un casino de varios millones de libras.<\/p>\n\n\n\n<p>Para los que quieran explorar un poco m\u00e1s all\u00e1, la zona cuenta con complejos tur\u00edsticos, parques, cuevas y castillos. La pen\u00ednsula de Gower cuenta con algunas de las bah\u00edas y playas m\u00e1s hermosas del Reino Unido, con arenas anchas y claras, calas semiocultas bajo escarpados acantilados y espesos bosques y un excelente surf y navegaci\u00f3n.<\/p>\n\n\n\n<p>Si prefiere otro tipo de vida nocturna, el cercano pueblo de Mumbles es famoso por su variedad de restaurantes, pubs y tiendas locales, y es un lugar famoso para los estudiantes de Swansea.<\/p>\n\n\n\n<h3 class=\"wp-block-heading\" id=\"transport-links\">ENLACES DE TRANSPORTE<\/h3>\n\n\n\n<p>La Universidad de Gales, Trinity St David, Swansea tiene la ventaja de estar justo en el centro de la ciudad. Por otro lado, la Universidad de Swansea est\u00e1 bien comunicada por autobuses desde la estaci\u00f3n de autobuses.<\/p>\n\n\n\n<h4 class=\"wp-block-heading\" id=\"swansea-university-bus-services\">Servicios de autob\u00fas de la Universidad de Swansea<\/h4>\n\n\n\n<p>Para ir al campus principal de la universidad, tome las l\u00edneas 2A, 3A, 4, 4A, 43 o 116 (entre semana, con frecuencia;) - aproximadamente cuatro por hora por las noches y los domingos). Para la Piscina Nacional de Gales, puede tomar los mismos servicios, pero bajarse en la parada del Hospital Singleton. El nuevo Campus de la Bah\u00eda cuenta con una serie de nuevas rutas de autob\u00fas, entre las que se encuentran la X1, X55, X58, 57, 58 y 244.<\/p>\n\n\n\n<h4 class=\"wp-block-heading\" id=\"university-of-wales-trinity-st-david-swansea-metropolitan-bus-services\">Universidad de Gales, Trinity St David, Swansea Metropolitan Bus Services<\/h4>\n\n\n\n<p>Para el campus de Mount Pleasant (principal), los servicios 11, 12 y 13 de First Bus (frecuentes durante el d\u00eda - cada media hora por la noche y los domingos). Para el campus de Townhill, los servicios de First Bus 12 y 13 (con frecuencia durante los d\u00edas laborables - cada media hora por las tardes y los domingos).<\/p>\n\n\n\n<h3 class=\"wp-block-heading\" id=\"links-to-and-from-swansea\">ENLACES HACIA Y DESDE SWANSEA<\/h3>\n\n\n\n<p>Swansea est\u00e1 bien comunicada en coche, autob\u00fas y tren. Hay servicios de autob\u00fas desde todas las partes del pa\u00eds a trav\u00e9s de la principal ruta de autopistas, la M4, y Great Western ofrece servicios de tren frecuentes a Londres y a las dem\u00e1s estaciones de l\u00edneas principales del Reino Unido. Tambi\u00e9n hay enlaces directos con el oeste y el norte de Gales.<\/p>","protected":false},"excerpt":{"rendered":"<p>Swansea has a great reputation as a city for students and there is something for everyone to see and to do. The people are renowned for their friendliness, there are plenty of shops and a great nightlife. Swansea Bay is beautiful while the nearby Gower is one of the hidden secrets of the UK. The [&hellip;]<\/p>\n","protected":false},"author":1,"featured_media":1484,"parent":0,"menu_order":0,"comment_status":"closed","ping_status":"closed","template":"","meta":{"_kad_blocks_custom_css":"","_kad_blocks_head_custom_js":"","_kad_blocks_body_custom_js":"","_kad_blocks_footer_custom_js":"","footnotes":""},"class_list":["post-30","page","type-page","status-publish","has-post-thumbnail","hentry"],"blocksy_meta":{"styles_descriptor":{"styles":{"desktop":"","tablet":"","mobile":""},"google_fonts":[],"version":6}},"taxonomy_info":[],"featured_image_src_large":["https:\/\/swansalesandlettings.co.uk\/wp-content\/uploads\/2022\/03\/photo-coming-soon-wide.jpg",645,428,false],"author_info":{"display_name":"Rob_John@2","author_link":"https:\/\/swansalesandlettings.co.uk\/es\/author\/rob_john2\/"},"comment_info":"","_links":{"self":[{"href":"https:\/\/swansalesandlettings.co.uk\/es\/wp-json\/wp\/v2\/pages\/30","targetHints":{"allow":["GET"]}}],"collection":[{"href":"https:\/\/swansalesandlettings.co.uk\/es\/wp-json\/wp\/v2\/pages"}],"about":[{"href":"https:\/\/swansalesandlettings.co.uk\/es\/wp-json\/wp\/v2\/types\/page"}],"author":[{"embeddable":true,"href":"https:\/\/swansalesandlettings.co.uk\/es\/wp-json\/wp\/v2\/users\/1"}],"replies":[{"embeddable":true,"href":"https:\/\/swansalesandlettings.co.uk\/es\/wp-json\/wp\/v2\/comments?post=30"}],"version-history":[{"count":1,"href":"https:\/\/swansalesandlettings.co.uk\/es\/wp-json\/wp\/v2\/pages\/30\/revisions"}],"predecessor-version":[{"id":31,"href":"https:\/\/swansalesandlettings.co.uk\/es\/wp-json\/wp\/v2\/pages\/30\/revisions\/31"}],"wp:featuredmedia":[{"embeddable":true,"href":"https:\/\/swansalesandlettings.co.uk\/es\/wp-json\/wp\/v2\/media\/1484"}],"wp:attachment":[{"href":"https:\/\/swansalesandlettings.co.uk\/es\/wp-json\/wp\/v2\/media?parent=30"}],"curies":[{"name":"wp","href":"https:\/\/api.w.org\/{rel}","templated":true}]}}