{"id":44,"date":"2022-02-15T20:02:02","date_gmt":"2022-02-15T20:02:02","guid":{"rendered":"https:\/\/sl.valleywebdesigns.co.uk\/?page_id=44"},"modified":"2022-10-15T10:30:16","modified_gmt":"2022-10-15T09:30:16","slug":"cuidando-de-ti","status":"publish","type":"page","link":"https:\/\/swansalesandlettings.co.uk\/es\/cuidando-de-ti\/","title":{"rendered":"Cuidar de ti"},"content":{"rendered":"<div class=\"wp-block-stackable-subtitle stk-block-subtitle stk-block stk-537c716\" data-block-id=\"537c716\"><style>.stk-537c716{margin-bottom:18px !important}.stk-537c716 .stk-block-subtitle__text{font-size:1.4rem !important;color:var(--theme-palette-color-3,#3A4F66) !important;line-height:1em !important;font-weight:bold !important}@media screen and (max-width:999px){.stk-537c716 .stk-block-subtitle__text{font-size:1.4rem !important}}<\/style><p class=\"stk-block-subtitle__text stk-subtitle has-text-color has-palette-color-3-color\">Swan Sales &amp; Lettings<\/p><\/div>\n\n\n\n<div class=\"wp-block-stackable-heading stk-block-heading stk-block stk-636687e\" id=\"why-choose-swan-letting\" data-block-id=\"636687e\"><style>.stk-636687e .stk-block-heading__text{margin:0 !important}.stk-636687e .stk-block-heading__bottom-line{background-color:var(--theme-palette-color-2,#F77F00) !important}<\/style><h2 class=\"stk-block-heading__text has-text-align-left\">Cuidando de ti<\/h2><div class=\"stk-block-heading__bottom-line\"><\/div><\/div>\n\n\n\n<p>Nos esforzamos por ofrecer la mejor calidad de vivienda, instalaciones y servicio a todos nuestros inquilinos a\u00f1o tras a\u00f1o. Por ello, encontrar\u00e1 una serie de diferencias entre vivir en una de nuestras casas y alquilar en otro lugar.<\/p>\n\n\n\n<h3 class=\"wp-block-heading\" id=\"houses-in-the-best-areas\">CASAS EN LAS MEJORES ZONAS<\/h3>\n\n\n\n<p>Las ubicaciones convenientes en buenas zonas son importantes para cualquier estudiante o inquilino. Nuestras casas est\u00e1n situadas cerca de la Universidad de Swansea en las zonas de Brynmill y Uplands de la ciudad, o en el centro de la ciudad donde est\u00e1n cerca de la Universidad Metropolitana de Swansea.<\/p>\n\n\n\n<h3 class=\"wp-block-heading\" id=\"best-standards-of-accommodation\">LOS MEJORES EST\u00c1NDARES DE ALOJAMIENTO<\/h3>\n\n\n\n<p>Somos conscientes de que una casa ser\u00e1 el \"hogar\" de un estudiante durante uno o dos a\u00f1os, y que, como cualquier hogar, quieres que est\u00e9 bien mantenido, que sea c\u00f3modo para vivir, que sea seguro y que est\u00e9 protegido. Nuestras propiedades se desarrollan espec\u00edficamente para satisfacer las necesidades de los estudiantes y se inspeccionan peri\u00f3dicamente para garantizar que se mantengan al m\u00e1s alto nivel. Actualizamos las instalaciones y los accesorios y redecoramos regularmente.<\/p>\n\n\n\n<h3 class=\"wp-block-heading\" id=\"great-facilities\">GRANDES INSTALACIONES<\/h3>\n\n\n\n<p>Intentamos ofrecer las mejores instalaciones a nuestros inquilinos. Incluimos frigor\u00edficos de alta calidad, lavadoras y calderas eficientes. En la mayor\u00eda de nuestras habitaciones instalamos camas dobles con un colch\u00f3n de buena calidad y todas nuestras casas est\u00e1n amuebladas con muebles de alta calidad. Las cocinas incluyen electrodom\u00e9sticos y accesorios modernos y eficientes. Todas las casas est\u00e1n preparadas para Internet y equipadas con Wi-Fi. La mayor\u00eda tiene varios ba\u00f1os y aseos. Puedes encontrar m\u00e1s detalles sobre cada casa en las p\u00e1ginas de las propiedades.<\/p>\n\n\n\n<h3 class=\"wp-block-heading\" id=\"best-service-support-and-care\">EL MEJOR SERVICIO, APOYO Y ATENCI\u00d3N<\/h3>\n\n\n\n<p>Somos conscientes de que a veces las cosas van mal, y por eso tenemos nuestro equipo de mantenimiento aqu\u00ed en Swansea. Empleamos a contratistas especializados para garantizar que el trabajo se realice siempre con los m\u00e1s altos est\u00e1ndares. Las casas se repintan con regularidad y las reformas exteriores se realizan de forma peri\u00f3dica. Inspeccionamos nuestras propiedades con regularidad para asegurarnos de que todos los aspectos se mantienen al m\u00e1s alto nivel.<\/p>\n\n\n\n<p>Nos encargamos de la atenci\u00f3n general para garantizar que tenga la mejor experiencia posible, desde ayudarle a seleccionar la casa adecuada para usted y a redactar su contrato, hasta inspeccionar cada casa para el mantenimiento y las mejoras, as\u00ed como ayudarle con cualquier problema que pueda surgir en el transcurso de su estancia con nosotros. Para nosotros es importante que conozca a las personas responsables de su alquiler.<\/p>\n\n\n\n<h3 class=\"wp-block-heading\" id=\"best-terms\">MEJORES T\u00c9RMINOS<\/h3>\n\n\n\n<p>Seguimos cuatro sencillas reglas para asegurarnos de que reciba el mejor servicio:<\/p>\n\n\n\n<ul class=\"wp-block-list\"><li>Alquileres razonables<\/li><li>Sin gastos de agencia\/contrato<\/li><li>Contratos sencillos<\/li><li>Pagos de alquiler sencillos<\/li><\/ul>\n\n\n\n<p>Todo esto, y damos grandes ofertas a nuestros inquilinos.<\/p>\n\n\n\n<h3 class=\"wp-block-heading\" id=\"safe-and-secure\">SEGURO Y PROTEGIDO<\/h3>\n\n\n\n<p>Todas nuestras casas fueron compradas y reconstruidas con la seguridad como prioridad principal. Todas las puertas delanteras cuentan con las cerraduras m\u00e1s modernas y todas las puertas y ventanas traseras tienen mecanismos de cierre adecuados. La seguridad el\u00e9ctrica y del gas se comprueba y certifica anualmente. Todas las casas cuentan con detectores de mon\u00f3xido de carbono y sensores de humo y calor. Todas las casas est\u00e1n registradas y superan los requisitos del plan de licencias de HMO del Consejo.<\/p>\n\n\n\n<p>Tambi\u00e9n ponemos especial cuidado en que nuestras casas est\u00e9n en zonas seguras de la ciudad.<\/p>","protected":false},"excerpt":{"rendered":"<p>Swan Sales &amp; Lettings Looking after you We strive to provide the best quality housing, facilities, and service to all our tenants year upon year. For that reason you&#8217;ll find a number of differences between living in one of our houses and renting elsewhere. HOUSES IN THE BEST AREAS Convenient locations in good areas are [&hellip;]<\/p>\n","protected":false},"author":1,"featured_media":1484,"parent":0,"menu_order":0,"comment_status":"closed","ping_status":"closed","template":"","meta":{"_kad_blocks_custom_css":"","_kad_blocks_head_custom_js":"","_kad_blocks_body_custom_js":"","_kad_blocks_footer_custom_js":"","footnotes":""},"class_list":["post-44","page","type-page","status-publish","has-post-thumbnail","hentry"],"blocksy_meta":{"styles_descriptor":{"styles":{"desktop":"","tablet":"","mobile":""},"google_fonts":[],"version":6}},"taxonomy_info":[],"featured_image_src_large":["https:\/\/swansalesandlettings.co.uk\/wp-content\/uploads\/2022\/03\/photo-coming-soon-wide.jpg",645,428,false],"author_info":{"display_name":"Rob_John@2","author_link":"https:\/\/swansalesandlettings.co.uk\/es\/author\/rob_john2\/"},"comment_info":"","_links":{"self":[{"href":"https:\/\/swansalesandlettings.co.uk\/es\/wp-json\/wp\/v2\/pages\/44","targetHints":{"allow":["GET"]}}],"collection":[{"href":"https:\/\/swansalesandlettings.co.uk\/es\/wp-json\/wp\/v2\/pages"}],"about":[{"href":"https:\/\/swansalesandlettings.co.uk\/es\/wp-json\/wp\/v2\/types\/page"}],"author":[{"embeddable":true,"href":"https:\/\/swansalesandlettings.co.uk\/es\/wp-json\/wp\/v2\/users\/1"}],"replies":[{"embeddable":true,"href":"https:\/\/swansalesandlettings.co.uk\/es\/wp-json\/wp\/v2\/comments?post=44"}],"version-history":[{"count":22,"href":"https:\/\/swansalesandlettings.co.uk\/es\/wp-json\/wp\/v2\/pages\/44\/revisions"}],"predecessor-version":[{"id":3113,"href":"https:\/\/swansalesandlettings.co.uk\/es\/wp-json\/wp\/v2\/pages\/44\/revisions\/3113"}],"wp:featuredmedia":[{"embeddable":true,"href":"https:\/\/swansalesandlettings.co.uk\/es\/wp-json\/wp\/v2\/media\/1484"}],"wp:attachment":[{"href":"https:\/\/swansalesandlettings.co.uk\/es\/wp-json\/wp\/v2\/media?parent=44"}],"curies":[{"name":"wp","href":"https:\/\/api.w.org\/{rel}","templated":true}]}}