{"id":18,"date":"2022-02-15T19:54:15","date_gmt":"2022-02-15T19:54:15","guid":{"rendered":"https:\/\/sl.valleywebdesigns.co.uk\/?page_id=18"},"modified":"2024-07-24T12:25:33","modified_gmt":"2024-07-24T11:25:33","slug":"accreditation","status":"publish","type":"page","link":"https:\/\/swansalesandlettings.co.uk\/fr\/accreditation\/","title":{"rendered":"Accr\u00e9ditation"},"content":{"rendered":"<div class=\"wp-block-stackable-columns alignwide stk-block-columns stk-block stk-f86cfeb stk-block-background\" data-block-id=\"f86cfeb\"><style>.stk-f86cfeb{background-color:transparent !important}.stk-f86cfeb:before{background-color:transparent !important}.stk-f86cfeb-column{--stk-column-gap:20px !important}<\/style><div class=\"stk-row stk-inner-blocks stk-block-content stk-content-align stk-f86cfeb-column\">\n<div class=\"wp-block-stackable-column stk-block-column stk-block-column--v2 stk-column stk-block stk-4a4778e\" data-block-id=\"4a4778e\"><style>.stk-4a4778e{align-self:flex-start !important}@media screen and (min-width:690px){.stk-4a4778e{flex:1 1 calc(55% - var(--stk-column-gap,0px) * 1 \/ 2 ) !important}}.stk-4a4778e-container{display:flex !important}.stk-4a4778e-inner-blocks{justify-content:center !important}.stk-4a4778e-container{flex-direction:column !important}<\/style><div class=\"stk-column-wrapper stk-block-column__content stk-container stk-4a4778e-container stk--no-background stk--no-padding\"><div class=\"stk-block-content stk-inner-blocks stk-4a4778e-inner-blocks\">\n<div class=\"wp-block-stackable-subtitle stk-block-subtitle stk-block stk-537c716\" data-block-id=\"537c716\"><style>.stk-537c716{margin-bottom:18px !important}.stk-537c716 .stk-block-subtitle__text{font-size:1.4rem !important;color:var(--theme-palette-color-3,#3A4F66) !important;line-height:1em !important;font-weight:bold !important}@media screen and (max-width:999px){.stk-537c716 .stk-block-subtitle__text{font-size:1.4rem !important}}<\/style><p class=\"stk-block-subtitle__text stk-subtitle has-text-color has-palette-color-3-color\">Swan Sales &amp; Lettings<\/p><\/div>\n\n\n\n<div class=\"wp-block-stackable-heading stk-block-heading stk-block stk-fb1a64f\" id=\"why-choose-swan-letting\" data-block-id=\"fb1a64f\"><style>.stk-fb1a64f .stk-block-heading__text{margin:0 !important}.stk-fb1a64f .stk-block-heading__bottom-line{background-color:var(--theme-palette-color-2,#F77F00) !important}<\/style><h2 class=\"stk-block-heading__text has-text-align-left\">Nos accr\u00e9ditations<\/h2><div class=\"stk-block-heading__bottom-line\"><\/div><\/div>\n\n\n\n<p>Swan Sales &amp; Lettings est accr\u00e9dit\u00e9 par la Commission europ\u00e9enne. <strong>Association nationale des propri\u00e9taires fonciers<\/strong>.<\/p>\n\n\n\n<p>La NLA est votre garantie de la qualit\u00e9 de votre propri\u00e9taire. En faisant partie de l'association, Swan Sales &amp; Lettings s'assure de respecter les normes les plus \u00e9lev\u00e9es en mati\u00e8re de location. Elle donne au propri\u00e9taire et au locataire des directives claires. Vous pouvez \u00eatre s\u00fbr que votre propri\u00e9t\u00e9 sera g\u00e9r\u00e9e de mani\u00e8re professionnelle et que vous serez trait\u00e9 avec courtoisie et compr\u00e9hension \u00e0 tout moment.<\/p>\n\n\n\n<p>Pour en savoir plus sur ce que la NLA signifie pour les propri\u00e9taires et les \u00e9tudiants, suivez ce lien vers leur site web.<\/p>\n<\/div><\/div><\/div>\n\n\n\n<div class=\"wp-block-stackable-column stk-block-column stk-block-column--v2 stk-column stk-block stk-bfcdbd7\" data-block-id=\"bfcdbd7\"><style>.stk-bfcdbd7{display:flex !important}.stk-bfcdbd7{align-items:center !important}@media screen and (min-width:690px){.stk-bfcdbd7{flex:1 1 calc(45% - var(--stk-column-gap,0px) * 1 \/ 2 ) !important}}.stk-bfcdbd7-container{display:flex !important}.stk-bfcdbd7-inner-blocks{justify-content:center !important}.stk-bfcdbd7-container{flex-direction:column !important}<\/style><div class=\"stk-column-wrapper stk-block-column__content stk-container stk-bfcdbd7-container stk--no-background stk--no-padding\"><div class=\"stk-block-content stk-inner-blocks stk-bfcdbd7-inner-blocks\">\n<div class=\"wp-block-stackable-columns stk-block-columns stk-block stk-0873144\" data-block-id=\"0873144\"><style>.stk-0873144 .stk--block-align-0873144{align-items:center !important}.stk-0873144{margin-bottom:8px !important;display:flex !important}.stk-0873144{align-items:center !important}<\/style><div class=\"stk-row stk-inner-blocks stk--block-align-0873144 stk-block-content stk-content-align stk-0873144-column\">\n<div class=\"wp-block-stackable-column stk-block-column stk-block-column--v2 stk-column stk-block stk-888f770\" data-block-id=\"888f770\"><style>.stk-888f770-container{box-shadow:none !important}.stk-888f770-container{min-height:500px !important;display:flex !important}.stk-888f770-inner-blocks{justify-content:center !important}.stk-888f770-container{flex-direction:column !important}<\/style><div class=\"stk-column-wrapper stk-block-column__content stk-container stk-888f770-container stk--no-background stk--no-padding\"><div class=\"stk-block-content stk-inner-blocks stk-888f770-inner-blocks\">\n<div class=\"wp-block-stackable-image stk-block-image stk-block stk-54f0b3e\" data-block-id=\"54f0b3e\"><figure class=\"stk-img-wrapper stk-image--shape-stretch\"><img fetchpriority=\"high\" decoding=\"async\" class=\"stk-img wp-image-1030\" src=\"https:\/\/swansalesandlettings.co.uk\/wp-content\/uploads\/2022\/02\/national-residental-landlords-association.jpg\" width=\"500\" height=\"239\" alt=\"National Residental Landlords Association\" srcset=\"https:\/\/swansalesandlettings.co.uk\/wp-content\/uploads\/2022\/02\/national-residental-landlords-association.jpg 500w, https:\/\/swansalesandlettings.co.uk\/wp-content\/uploads\/2022\/02\/national-residental-landlords-association-300x143.jpg 300w\" sizes=\"(max-width: 500px) 100vw, 500px\" \/><\/figure><\/div>\n<\/div><\/div><\/div>\n<\/div><\/div>\n<\/div><\/div><\/div>\n<\/div><\/div>","protected":false},"excerpt":{"rendered":"<p>Swan Sales &amp; Lettings Our Accreditations Swan Sales &amp; Lettings is accredited by the National Landlords Association. The NLA is your guarantee of the quality of your landlord. By belonging to the association, Swan Sales &amp; Lettings ensures that it meets the highest standards of letting. It gives both the landlord and the tenant clear [&hellip;]<\/p>\n","protected":false},"author":1,"featured_media":1484,"parent":0,"menu_order":0,"comment_status":"closed","ping_status":"closed","template":"","meta":{"_kad_blocks_custom_css":"","_kad_blocks_head_custom_js":"","_kad_blocks_body_custom_js":"","_kad_blocks_footer_custom_js":"","footnotes":""},"class_list":["post-18","page","type-page","status-publish","has-post-thumbnail","hentry"],"blocksy_meta":{"styles_descriptor":{"styles":{"desktop":"","tablet":"","mobile":""},"google_fonts":[],"version":6}},"taxonomy_info":[],"featured_image_src_large":["https:\/\/swansalesandlettings.co.uk\/wp-content\/uploads\/2022\/03\/photo-coming-soon-wide.jpg",645,428,false],"author_info":{"display_name":"Rob_John@2","author_link":"https:\/\/swansalesandlettings.co.uk\/fr\/author\/rob_john2\/"},"comment_info":"","_links":{"self":[{"href":"https:\/\/swansalesandlettings.co.uk\/fr\/wp-json\/wp\/v2\/pages\/18","targetHints":{"allow":["GET"]}}],"collection":[{"href":"https:\/\/swansalesandlettings.co.uk\/fr\/wp-json\/wp\/v2\/pages"}],"about":[{"href":"https:\/\/swansalesandlettings.co.uk\/fr\/wp-json\/wp\/v2\/types\/page"}],"author":[{"embeddable":true,"href":"https:\/\/swansalesandlettings.co.uk\/fr\/wp-json\/wp\/v2\/users\/1"}],"replies":[{"embeddable":true,"href":"https:\/\/swansalesandlettings.co.uk\/fr\/wp-json\/wp\/v2\/comments?post=18"}],"version-history":[{"count":18,"href":"https:\/\/swansalesandlettings.co.uk\/fr\/wp-json\/wp\/v2\/pages\/18\/revisions"}],"predecessor-version":[{"id":3112,"href":"https:\/\/swansalesandlettings.co.uk\/fr\/wp-json\/wp\/v2\/pages\/18\/revisions\/3112"}],"wp:featuredmedia":[{"embeddable":true,"href":"https:\/\/swansalesandlettings.co.uk\/fr\/wp-json\/wp\/v2\/media\/1484"}],"wp:attachment":[{"href":"https:\/\/swansalesandlettings.co.uk\/fr\/wp-json\/wp\/v2\/media?parent=18"}],"curies":[{"name":"wp","href":"https:\/\/api.w.org\/{rel}","templated":true}]}}