{"id":30,"date":"2022-02-15T19:56:55","date_gmt":"2022-02-15T19:56:55","guid":{"rendered":"https:\/\/sl.valleywebdesigns.co.uk\/?page_id=30"},"modified":"2022-02-15T19:56:55","modified_gmt":"2022-02-15T19:56:55","slug":"centre-ville","status":"publish","type":"page","link":"https:\/\/swansalesandlettings.co.uk\/fr\/centre-ville\/","title":{"rendered":"Centre-ville"},"content":{"rendered":"<p>Swansea a une excellente r\u00e9putation en tant que ville pour les \u00e9tudiants et il y a quelque chose \u00e0 voir et \u00e0 faire pour tout le monde. Les habitants sont r\u00e9put\u00e9s pour leur gentillesse, il y a de nombreux magasins et une vie nocturne tr\u00e8s anim\u00e9e. La baie de Swansea est magnifique et la r\u00e9gion voisine de Gower est l'un des secrets cach\u00e9s du Royaume-Uni. Les plages sont aussi belles que partout ailleurs au Royaume-Uni. Si vous pr\u00e9f\u00e9rez aller \u00e0 l'int\u00e9rieur des terres, vous trouverez les paysages \u00e9poustouflants de la vall\u00e9e, des collines et des montagnes galloises. Les liaisons routi\u00e8res et ferroviaires avec le reste du pays sont bonnes.<\/p>\n\n\n\n<p>Si vous aimez le sport, le Swansea City joue dans la Premiership. Le club de football partage le stade avec les Ospreys, ce qui vous permet de voir des matchs de Heineken Cup et de Welsh league Rugby.<\/p>\n\n\n\n<p>Swansea a beaucoup chang\u00e9 au cours des derni\u00e8res ann\u00e9es. L'am\u00e9nagement de la zone SA1 en un ensemble d'entreprises, de logements et de commerces est presque termin\u00e9 et le nouveau boulevard promet d'am\u00e9liorer encore l'entr\u00e9e dans la ville.<\/p>\n\n\n\n<p>Il existe de nombreuses attractions telles que le centre de loisirs de pointe (LC2) situ\u00e9 au c\u0153ur du centre-ville, le mus\u00e9e des transports du Pays de Galles et la piscine internationale galloise.<\/p>\n\n\n\n<p>\u00c0 proximit\u00e9, Wind Street propose une multitude de pubs et de clubs, de restaurants et de lieux de divertissement populaires, dont un cin\u00e9ma multiplex ultramoderne de 12 salles et un casino de plusieurs millions de livres.<\/p>\n\n\n\n<p>Pour ceux qui aiment explorer un peu plus loin, la r\u00e9gion compte des stations baln\u00e9aires, des parcs, des grottes et des ch\u00e2teaux. La p\u00e9ninsule de Gower poss\u00e8de quelques-unes des plus belles baies et plages du Royaume-Uni, avec de larges \u00e9tendues de sable clair, des criques \u00e0 moiti\u00e9 cach\u00e9es par des falaises abruptes et des for\u00eats \u00e9paisses, ainsi que d'excellentes conditions pour le surf et la voile.<\/p>\n\n\n\n<p>Si vous pr\u00e9f\u00e9rez un autre type de vie nocturne, le village voisin de Mumbles est r\u00e9put\u00e9 pour sa gamme de restaurants, de pubs et de magasins locaux et c'est un repaire c\u00e9l\u00e8bre des \u00e9tudiants de Swansea.<\/p>\n\n\n\n<h3 class=\"wp-block-heading\" id=\"transport-links\">LES LIAISONS DE TRANSPORT<\/h3>\n\n\n\n<p>L'Universit\u00e9 du Pays de Galles, Trinity St David, Swansea a l'avantage de se trouver en plein centre de la ville. L'universit\u00e9 de Swansea, quant \u00e0 elle, est bien desservie par les bus de la gare routi\u00e8re.<\/p>\n\n\n\n<h4 class=\"wp-block-heading\" id=\"swansea-university-bus-services\">Services de bus de l'universit\u00e9 de Swansea<\/h4>\n\n\n\n<p>Pour le campus principal de l'universit\u00e9, prenez les lignes 2A, 3A, 4, 4A, 43 ou 116 (en semaine en journ\u00e9e, fr\u00e9quentes ;) - environ quatre par heure le soir et le dimanche). Pour la piscine nationale du Pays de Galles, vous pouvez prendre les m\u00eames services, mais descendez \u00e0 l'arr\u00eat Singleton Hospital. Le nouveau campus de Bay dispose de plusieurs nouvelles lignes de bus, notamment les lignes X1, X55, X58, 57, 58 et 244.<\/p>\n\n\n\n<h4 class=\"wp-block-heading\" id=\"university-of-wales-trinity-st-david-swansea-metropolitan-bus-services\">Universit\u00e9 du Pays de Galles, Trinity St David, Swansea Metropolitan Bus Services<\/h4>\n\n\n\n<p>Pour le campus de Mount Pleasant (principal), les services de First Bus 11, 12 et 13 (fr\u00e9quents en journ\u00e9e - toutes les demi-heures le soir et le dimanche). Pour le campus de Townhill, les services de First Bus 12 et 13 (fr\u00e9quents en semaine - toutes les demi-heures le soir et le dimanche).<\/p>\n\n\n\n<h3 class=\"wp-block-heading\" id=\"links-to-and-from-swansea\">LIENS VERS ET DEPUIS SWANSEA<\/h3>\n\n\n\n<p>Swansea est bien desservie par la voiture, le bus et le train. Il existe des services de bus depuis toutes les r\u00e9gions du pays via la principale autoroute, la M4, et Great Western propose des services ferroviaires fr\u00e9quents vers Londres et les autres grandes gares du Royaume-Uni. Il existe \u00e9galement des liaisons directes avec l'ouest et le nord du pays de Galles.<\/p>","protected":false},"excerpt":{"rendered":"<p>Swansea has a great reputation as a city for students and there is something for everyone to see and to do. The people are renowned for their friendliness, there are plenty of shops and a great nightlife. Swansea Bay is beautiful while the nearby Gower is one of the hidden secrets of the UK. The [&hellip;]<\/p>\n","protected":false},"author":1,"featured_media":1484,"parent":0,"menu_order":0,"comment_status":"closed","ping_status":"closed","template":"","meta":{"_kad_blocks_custom_css":"","_kad_blocks_head_custom_js":"","_kad_blocks_body_custom_js":"","_kad_blocks_footer_custom_js":"","footnotes":""},"class_list":["post-30","page","type-page","status-publish","has-post-thumbnail","hentry"],"blocksy_meta":{"styles_descriptor":{"styles":{"desktop":"","tablet":"","mobile":""},"google_fonts":[],"version":6}},"taxonomy_info":[],"featured_image_src_large":["https:\/\/swansalesandlettings.co.uk\/wp-content\/uploads\/2022\/03\/photo-coming-soon-wide.jpg",645,428,false],"author_info":{"display_name":"Rob_John@2","author_link":"https:\/\/swansalesandlettings.co.uk\/fr\/author\/rob_john2\/"},"comment_info":"","_links":{"self":[{"href":"https:\/\/swansalesandlettings.co.uk\/fr\/wp-json\/wp\/v2\/pages\/30","targetHints":{"allow":["GET"]}}],"collection":[{"href":"https:\/\/swansalesandlettings.co.uk\/fr\/wp-json\/wp\/v2\/pages"}],"about":[{"href":"https:\/\/swansalesandlettings.co.uk\/fr\/wp-json\/wp\/v2\/types\/page"}],"author":[{"embeddable":true,"href":"https:\/\/swansalesandlettings.co.uk\/fr\/wp-json\/wp\/v2\/users\/1"}],"replies":[{"embeddable":true,"href":"https:\/\/swansalesandlettings.co.uk\/fr\/wp-json\/wp\/v2\/comments?post=30"}],"version-history":[{"count":1,"href":"https:\/\/swansalesandlettings.co.uk\/fr\/wp-json\/wp\/v2\/pages\/30\/revisions"}],"predecessor-version":[{"id":31,"href":"https:\/\/swansalesandlettings.co.uk\/fr\/wp-json\/wp\/v2\/pages\/30\/revisions\/31"}],"wp:featuredmedia":[{"embeddable":true,"href":"https:\/\/swansalesandlettings.co.uk\/fr\/wp-json\/wp\/v2\/media\/1484"}],"wp:attachment":[{"href":"https:\/\/swansalesandlettings.co.uk\/fr\/wp-json\/wp\/v2\/media?parent=30"}],"curies":[{"name":"wp","href":"https:\/\/api.w.org\/{rel}","templated":true}]}}