{"id":50,"date":"2022-02-15T20:07:08","date_gmt":"2022-02-15T20:07:08","guid":{"rendered":"https:\/\/sl.valleywebdesigns.co.uk\/?page_id=50"},"modified":"2022-10-15T10:26:24","modified_gmt":"2022-10-15T09:26:24","slug":"gestion-immobiliere-swansea","status":"publish","type":"page","link":"https:\/\/swansalesandlettings.co.uk\/fr\/gestion-immobiliere-swansea\/","title":{"rendered":"Gestion de propri\u00e9t\u00e9s \u00e0 Swansea"},"content":{"rendered":"<div class=\"wp-block-stackable-subtitle stk-block-subtitle stk-block stk-537c716\" data-block-id=\"537c716\"><style>.stk-537c716 .stk-block-subtitle__text{font-size:1.4rem !important;color:var(--theme-palette-color-3,#3A4F66) !important;line-height:1em !important;font-weight:bold !important}@media screen and (max-width:999px){.stk-537c716 .stk-block-subtitle__text{font-size:1.4rem !important}}<\/style><p class=\"stk-block-subtitle__text stk-subtitle has-text-color has-palette-color-3-color\">Swan Lettings<\/p><\/div>\n\n\n\n<div class=\"wp-block-stackable-heading stk-block-heading stk-block stk-636687e\" id=\"why-choose-swan-letting\" data-block-id=\"636687e\"><style>.stk-636687e .stk-block-heading__text{margin:0 !important}.stk-636687e .stk-block-heading__bottom-line{background-color:var(--theme-palette-color-2,#F77F00) !important}<\/style><h2 class=\"stk-block-heading__text has-text-align-left\">Gestion de propri\u00e9t\u00e9s \u00e0 Swansea<\/h2><div class=\"stk-block-heading__bottom-line\"><\/div><\/div>\n\n\n\n<p>Il n'est pas toujours facile de trouver un service de gestion immobili\u00e8re \u00e0 la fois professionnel et rentable. Chez Swan Sales &amp; Lettings, nous appliquons les m\u00eames principes aux propri\u00e9t\u00e9s que nous g\u00e9rons qu'aux n\u00f4tres. Cela signifie que vous pouvez \u00eatre s\u00fbr que nous ferons la promotion de votre propri\u00e9t\u00e9 et que nous nous occuperons de vos locataires avec exactement la m\u00eame attention aux d\u00e9tails.<\/p>\n\n\n\n<div class=\"wp-block-stackable-heading stk-block-heading stk-block stk-c26b89c\" id=\"for-the-landlord-we-will-handle\" data-block-id=\"c26b89c\"><h3 class=\"stk-block-heading__text\">Pour le propri\u00e9taire, nous nous occupons :<\/h3><\/div>\n\n\n\n<ul class=\"wp-block-list\"><li><em>Panneaux publicitaires<\/em><\/li><li><em>S\u00e9lection des locataires<\/em><\/li><li><em>Contrats de location<\/em><\/li><li><em>Entretien de la propri\u00e9t\u00e9<\/em><\/li><li><em>Appels d'urgence<\/em><\/li><li><em>Inspections<\/em><\/li><li><em>Nettoyage de fin de location<\/em><\/li><li><em>R\u00e9p\u00e9tition de la certification d'utilit\u00e9<\/em><\/li><\/ul>\n\n\n\n<div class=\"wp-block-stackable-heading stk-block-heading stk-block stk-0ed222e\" id=\"for-your-tenants-this-means\" data-block-id=\"0ed222e\"><h3 class=\"stk-block-heading__text\">Pour vos locataires, cela signifie :<\/h3><\/div>\n\n\n\n<ul class=\"wp-block-list\"><li><em>Un propri\u00e9taire local<\/em><\/li><li><em>Des baux bien g\u00e9r\u00e9s<\/em><\/li><li><em>Des propri\u00e9t\u00e9s bien entretenues<\/em><\/li><li><em>Appels d'urgence<\/em><\/li><li><em>Contr\u00f4les r\u00e9guliers<\/em><\/li><li><em>Un service personnalis\u00e9<\/em><\/li><\/ul>\n\n\n\n<p>Si vous souhaitez en savoir plus sur la mani\u00e8re dont Swan Sales &amp; Lettings peut vous aider \u00e0 g\u00e9rer votre propri\u00e9t\u00e9,\u00a0<a href=\"https:\/\/www.swanletting.com\/contact-us?view=message&amp;layout=message&amp;pf=1&amp;redirect_on_success=\" target=\"_blank\" rel=\"noopener\">contactez-nous d\u00e8s aujourd'hui<\/a>.<\/p>","protected":false},"excerpt":{"rendered":"<p>Swan Lettings Property Management Swansea Finding a property management service which is both professional and cost-effective has traditionally not been easy. At Swan Sales &amp; Lettings we apply the same principles to the properties we manage as we do to our own. This means that you can be sure we will promote the property and [&hellip;]<\/p>\n","protected":false},"author":1,"featured_media":1484,"parent":0,"menu_order":0,"comment_status":"closed","ping_status":"closed","template":"","meta":{"_kad_blocks_custom_css":"","_kad_blocks_head_custom_js":"","_kad_blocks_body_custom_js":"","_kad_blocks_footer_custom_js":"","footnotes":""},"class_list":["post-50","page","type-page","status-publish","has-post-thumbnail","hentry"],"blocksy_meta":{"styles_descriptor":{"styles":{"desktop":"","tablet":"","mobile":""},"google_fonts":[],"version":6}},"taxonomy_info":[],"featured_image_src_large":["https:\/\/swansalesandlettings.co.uk\/wp-content\/uploads\/2022\/03\/photo-coming-soon-wide.jpg",645,428,false],"author_info":{"display_name":"Rob_John@2","author_link":"https:\/\/swansalesandlettings.co.uk\/fr\/author\/rob_john2\/"},"comment_info":"","_links":{"self":[{"href":"https:\/\/swansalesandlettings.co.uk\/fr\/wp-json\/wp\/v2\/pages\/50","targetHints":{"allow":["GET"]}}],"collection":[{"href":"https:\/\/swansalesandlettings.co.uk\/fr\/wp-json\/wp\/v2\/pages"}],"about":[{"href":"https:\/\/swansalesandlettings.co.uk\/fr\/wp-json\/wp\/v2\/types\/page"}],"author":[{"embeddable":true,"href":"https:\/\/swansalesandlettings.co.uk\/fr\/wp-json\/wp\/v2\/users\/1"}],"replies":[{"embeddable":true,"href":"https:\/\/swansalesandlettings.co.uk\/fr\/wp-json\/wp\/v2\/comments?post=50"}],"version-history":[{"count":6,"href":"https:\/\/swansalesandlettings.co.uk\/fr\/wp-json\/wp\/v2\/pages\/50\/revisions"}],"predecessor-version":[{"id":12347,"href":"https:\/\/swansalesandlettings.co.uk\/fr\/wp-json\/wp\/v2\/pages\/50\/revisions\/12347"}],"wp:featuredmedia":[{"embeddable":true,"href":"https:\/\/swansalesandlettings.co.uk\/fr\/wp-json\/wp\/v2\/media\/1484"}],"wp:attachment":[{"href":"https:\/\/swansalesandlettings.co.uk\/fr\/wp-json\/wp\/v2\/media?parent=50"}],"curies":[{"name":"wp","href":"https:\/\/api.w.org\/{rel}","templated":true}]}}