{"id":26,"date":"2022-02-15T19:55:55","date_gmt":"2022-02-15T19:55:55","guid":{"rendered":"https:\/\/sl.valleywebdesigns.co.uk\/?page_id=26"},"modified":"2022-02-15T19:55:55","modified_gmt":"2022-02-15T19:55:55","slug":"politica-sulla-privacy-2","status":"publish","type":"page","link":"https:\/\/swansalesandlettings.co.uk\/it\/politica-sulla-privacy-2\/","title":{"rendered":"Informativa sulla privacy"},"content":{"rendered":"<h2 class=\"wp-block-heading\" id=\"introduction\">Introduzione<\/h2>\n\n\n\n<p>Il presente avviso si applica a tutte le informazioni raccolte sul sito web di Swan Letting (www.swanletting.com) o inviate a Swan Letting in qualsiasi momento attraverso uno qualsiasi dei nostri servizi sul sito web.<\/p>\n\n\n\n<p>Quando ci riferiamo a Swan Letting nel contesto di questa politica sulla privacy, ci riferiamo a www.swanletting.com.<\/p>\n\n\n\n<h2 class=\"wp-block-heading\" id=\"the-information-we-collect\">Le informazioni raccolte<\/h2>\n\n\n\n<p><strong>Informazioni di identificazione personale<\/strong>&nbsp;- Quando si visita il sito Web di Swan Letting e ci si iscrive o si utilizza un servizio di Swan Letting, l'utente pu\u00f2 scegliere di fornire a Swan Letting informazioni che lo identificano personalmente. Esempi di informazioni che l'utente potrebbe fornire sono il nome, il numero di telefono e le informazioni di contatto, nonch\u00e9 altre informazioni demografiche o relative all'attivit\u00e0 commerciale.<\/p>\n\n\n\n<h3 class=\"wp-block-heading\" id=\"cookies\">COCCOLE<\/h3>\n\n\n\n<p>Un cookie \u00e8 un piccolo file di testo che viene memorizzato sul computer dell'utente per scopi di archiviazione. In questo sito utilizziamo i cookie. Non colleghiamo le informazioni memorizzate nei cookie a nessuna informazione di identificazione personale fornita dall'utente sul nostro sito.<\/p>\n\n\n\n<p>Utilizziamo due tipi di cookie, i cookie ID di sessione e i cookie persistenti:<\/p>\n\n\n\n<ul class=\"wp-block-list\"><li>&nbsp;- Utilizziamo i cookie di sessione per facilitare la navigazione nel nostro sito. Un cookie di sessione scade quando si chiude il browser.<\/li><li>&nbsp;- Un cookie persistente rimane sul disco rigido dell'utente per un periodo di tempo prolungato. \u00c8 possibile rimuovere i cookie persistenti seguendo le indicazioni fornite nel file di \"aiuto\" del browser Internet su come rimuovere le password memorizzate e la cronologia del browser. Impostiamo un cookie persistente per memorizzare le vostre password, in modo che non dobbiate inserirle pi\u00f9 di una volta. I cookie persistenti ci consentono inoltre di tracciare e indirizzare gli interessi dei nostri utenti per aiutarci a migliorare la qualit\u00e0 di ci\u00f2 che offriamo ai visitatori del nostro sito web.<\/li><\/ul>\n\n\n\n<p>Se rifiutate i cookie, potete continuare a utilizzare il nostro sito, ma questo rallenter\u00e0 alcune attivit\u00e0, ad esempio vi verr\u00e0 chiesto di inserire nuovamente il vostro nome utente e la password ogni volta che chiudete il browser o la vostra sessione \u00e8 scaduta.<\/p>\n\n\n\n<p>La nostra politica completa sui cookie \u00e8 disponibile all'indirizzo&nbsp;<a href=\"https:\/\/www.swanletting.com\/view-as-a-map\/cookie-policy\" target=\"_blank\" rel=\"noopener\">Informativa completa sui cookie<\/a><\/p>\n\n\n\n<h3 class=\"wp-block-heading\" id=\"log-files\">FILE DI LOG<\/h3>\n\n\n\n<p>Come avviene per la maggior parte dei siti web, raccogliamo automaticamente alcune informazioni e le memorizziamo nei file di log. Queste informazioni comprendono gli indirizzi IP (Internet Protocol), il tipo di browser (Chrome, Firefox, IE, Safari, ad esempio), il provider di servizi Internet (ISP), le pagine di riferimento\/uscita, il sistema operativo, la data\/ora e i dati clickstream.<\/p>\n\n\n\n<p>Queste informazioni non identificano i singoli utenti e vengono utilizzate per analizzare le tendenze, per amministrare il sito, per seguire i movimenti degli utenti all'interno del sito e per raccogliere informazioni demografiche sulla nostra base di utenti nel suo complesso.<\/p>\n\n\n\n<p>Non colleghiamo questi dati raccolti automaticamente a informazioni di identificazione personale. Nel caso in cui gli indirizzi IP siano collegati a informazioni di identificazione personale, ci\u00f2 viene utilizzato per prevenire e bloccare gli abusi per motivi di sicurezza o coloro che violano i nostri termini di servizio.<\/p>\n\n\n\n<p>Utilizziamo un servizio di monitoraggio di terze parti, Google Analytics, che utilizza cookie e file di log per tracciare le informazioni sui visitatori del nostro sito. Queste informazioni non consentono l'identificazione personale e vengono utilizzate per misurare complessivamente il modo in cui gli utenti utilizzano il sito e il volume di traffico. Questo ci permette di determinare come gli utenti navigano nel nostro sito e di sapere quanti utenti utilizzano i nostri servizi dal punto di vista demografico. Per saperne di pi\u00f9 su Google Analytics, sono disponibili ampie informazioni fornite da Google.<\/p>\n\n\n\n<h2 class=\"wp-block-heading\" id=\"the-way-we-use-information\">Il modo in cui utilizziamo le informazioni<\/h2>\n\n\n\n<p>Le informazioni fornite dall'utente, o da altri, vengono utilizzate solo per completare la transazione a cui sono destinate. A titolo esemplificativo, si possono citare il completamento di una richiesta di visione, la compilazione di un modulo di contatto o la registrazione via e-mail. Possiamo anche utilizzare le informazioni per contattarvi se avete dato il vostro consenso in tal senso, ad esempio se vi siete iscritti per accettare ulteriori notifiche e servizi da parte nostra. \u00c8 possibile scegliere di non ricevere ulteriori notifiche in qualsiasi momento inviando un'e-mail a&nbsp;<a href=\"mailto:info@swanletting.com\">info@swanletting.com<\/a>oppure selezionando la casella di disiscrizione.<\/p>\n\n\n\n<p>Non condividiamo queste informazioni con terzi senza il vostro esplicito consenso.<\/p>\n\n\n\n<h2 class=\"wp-block-heading\" id=\"communications-from-the-site\">Comunicazioni dal Sito<\/h2>\n\n\n\n<p>Quando riceviamo un'e-mail, utilizziamo gli indirizzi di posta elettronica di ritorno per rispondere alle informazioni richieste. Tali indirizzi non vengono utilizzati per altri scopi e non vengono condivisi con terzi.<\/p>\n\n\n\n<p>Quando si forniscono informazioni di contatto a Swan Letting, \u00e8 possibile indicare la propria preferenza se si desidera essere contattati per ricevere informazioni e aggiornamenti sui nostri servizi.<\/p>\n\n\n\n<p>Le informazioni fornite dall'utente non saranno utilizzate per questo scopo, a meno che l'utente non lo indichi come preferenza. Quando si forniscono informazioni di contatto a Swan Letting, \u00e8 possibile indicare la propria preferenza se si desidera ricevere offerte speciali, offerte di altre aziende che riteniamo possano essere di interesse per l'utente attraverso la nostra newsletter periodica. Le informazioni inviate dall'utente non verranno utilizzate per questo scopo, a meno che l'utente non scelga di partecipare a un programma di Swan Letting o non acconsenta in altro modo.<\/p>\n\n\n\n<h2 class=\"wp-block-heading\" id=\"personally-identifiable-information\">Informazioni di identificazione personale<\/h2>\n\n\n\n<p>Swan Letting non condivide, vende, affitta o scambia con terzi per i loro scopi promozionali, se non con il consenso dell'utente come descritto nella presente informativa sulla privacy.<\/p>\n\n\n\n<p>Infine, non utilizziamo o condividiamo mai le informazioni di identificazione personale che ci vengono fornite online in modi diversi da quelli descritti nella presente informativa sulla privacy senza fornire all'utente l'opportunit\u00e0 di rifiutare o vietare in altro modo tali usi non correlati.<\/p>\n\n\n\n<p>Noi di Swan Letting rispettiamo la privacy dei nostri visitatori e ci impegniamo a preservare la vostra sicurezza online tutelando la vostra privacy in ogni momento in cui visitate o comunicate con il nostro sito.<\/p>\n\n\n\n<p>Le nostre Condizioni d'uso e l'Informativa sulla privacy offrono all'utente una spiegazione esaustiva dei dati personali che ci vengono forniti o di quelli che possiamo raccogliere.<\/p>\n\n\n\n<h2 class=\"wp-block-heading\" id=\"how-you-can-access-or-correct-your-information\">Come \u00e8 possibile accedere o correggere le proprie informazioni<\/h2>\n\n\n\n<p>Potete accedere a tutte le vostre informazioni di identificazione personale che raccogliamo e conserviamo online inviandoci un'e-mail a&nbsp;<a href=\"mailto:info@swanletting.com\">info@swanletting.com<\/a>. \u00c8 inoltre possibile correggere errori di fatto nelle informazioni di identificazione personale inviandoci una richiesta che dimostri in modo credibile l'errore. Per proteggere la vostra privacy e la vostra sicurezza, adotteremo misure ragionevoli per verificare la vostra identit\u00e0 prima di concedere l'accesso o di effettuare correzioni.<\/p>\n\n\n\n<h2 class=\"wp-block-heading\" id=\"legal-disclaimer\">Esclusione di responsabilit\u00e0 legale<\/h2>\n\n\n\n<p>Ci riserviamo il diritto di divulgare le informazioni di identificazione personale dell'utente come richiesto dalla legge e quando riteniamo che la divulgazione sia necessaria per proteggere i nostri diritti e\/o per conformarci a un procedimento giudiziario, a un ordine del tribunale o a un procedimento legale notificato al nostro sito web.<\/p>\n\n\n\n<h2 class=\"wp-block-heading\" id=\"security\">Sicurezza<\/h2>\n\n\n\n<p>La sicurezza dei vostri dati personali \u00e8 importante per noi. Seguiamo gli standard industriali generalmente accettati per proteggere le informazioni personali inviateci, sia durante la trasmissione che una volta ricevute. Tuttavia, nessun metodo di trasmissione su Internet o di archiviazione elettronica \u00e8 100% sicuro. Pertanto, sebbene ci sforziamo di utilizzare mezzi commercialmente accettabili per proteggere le informazioni personali dell'utente, non possiamo garantirne l'assoluta sicurezza. In caso di domande sulla sicurezza del nostro sito web, \u00e8 possibile inviare un'e-mail all'indirizzo&nbsp;<a href=\"mailto:info@swanletting.com\">info@swanletting.com<\/a>.<\/p>\n\n\n\n<h2 class=\"wp-block-heading\" id=\"links-to-other-sites\">Link ad altri siti<\/h2>\n\n\n\n<p>Il nostro sito web contiene link ad altri siti web. Pur avendo cura di raccomandare solo siti responsabili, non siamo responsabili della sicurezza o della privacy di questi siti e vi raccomandiamo di prendere le dovute precauzioni quando li consultate. Se un link vi crea problemi, vi chiediamo di segnalarcelo, in modo da poter rimuovere il link danneggiato\/corrotto il prima possibile. Vi preghiamo di comunicarcelo all'indirizzo&nbsp;<a href=\"mailto:info@swanletting.com\">info@swanletting.com<\/a>.<\/p>\n\n\n\n<h2 class=\"wp-block-heading\" id=\"changes-in-this-privacy-statement\">Modifiche alla presente Informativa sulla privacy<\/h2>\n\n\n\n<p>Qualora decidessimo di modificare la nostra politica sulla privacy, pubblicheremo tali modifiche in questa informativa sulla privacy e in altri luoghi che riterremo opportuni, in modo che gli utenti siano consapevoli di quali informazioni raccogliamo, come le utilizziamo e in quali circostanze le divulghiamo. Ci riserviamo il diritto di modificare la presente informativa sulla privacy in qualsiasi momento, pertanto vi invitiamo a consultarla frequentemente. In caso di modifiche sostanziali a questa politica, vi informeremo qui, via e-mail, o tramite un avviso sulla nostra home page.<\/p>","protected":false},"excerpt":{"rendered":"<p>Introduction This notice applies to all information collected on the Swan Letting website (www.swanletting.com) or submitted to Swan Letting at any time through any of our services on the website. When we refer to Swan Letting in the context of this privacy policy, we are referring to www.swanletting.com. The Information We Collect Personally Identifiable Information&nbsp;\u2013 [&hellip;]<\/p>\n","protected":false},"author":1,"featured_media":1484,"parent":0,"menu_order":0,"comment_status":"closed","ping_status":"closed","template":"","meta":{"_kad_blocks_custom_css":"","_kad_blocks_head_custom_js":"","_kad_blocks_body_custom_js":"","_kad_blocks_footer_custom_js":"","footnotes":""},"class_list":["post-26","page","type-page","status-publish","has-post-thumbnail","hentry"],"blocksy_meta":{"styles_descriptor":{"styles":{"desktop":"","tablet":"","mobile":""},"google_fonts":[],"version":6}},"taxonomy_info":[],"featured_image_src_large":["https:\/\/swansalesandlettings.co.uk\/wp-content\/uploads\/2022\/03\/photo-coming-soon-wide.jpg",645,428,false],"author_info":{"display_name":"Rob_John@2","author_link":"https:\/\/swansalesandlettings.co.uk\/it\/author\/rob_john2\/"},"comment_info":"","_links":{"self":[{"href":"https:\/\/swansalesandlettings.co.uk\/it\/wp-json\/wp\/v2\/pages\/26","targetHints":{"allow":["GET"]}}],"collection":[{"href":"https:\/\/swansalesandlettings.co.uk\/it\/wp-json\/wp\/v2\/pages"}],"about":[{"href":"https:\/\/swansalesandlettings.co.uk\/it\/wp-json\/wp\/v2\/types\/page"}],"author":[{"embeddable":true,"href":"https:\/\/swansalesandlettings.co.uk\/it\/wp-json\/wp\/v2\/users\/1"}],"replies":[{"embeddable":true,"href":"https:\/\/swansalesandlettings.co.uk\/it\/wp-json\/wp\/v2\/comments?post=26"}],"version-history":[{"count":1,"href":"https:\/\/swansalesandlettings.co.uk\/it\/wp-json\/wp\/v2\/pages\/26\/revisions"}],"predecessor-version":[{"id":27,"href":"https:\/\/swansalesandlettings.co.uk\/it\/wp-json\/wp\/v2\/pages\/26\/revisions\/27"}],"wp:featuredmedia":[{"embeddable":true,"href":"https:\/\/swansalesandlettings.co.uk\/it\/wp-json\/wp\/v2\/media\/1484"}],"wp:attachment":[{"href":"https:\/\/swansalesandlettings.co.uk\/it\/wp-json\/wp\/v2\/media?parent=26"}],"curies":[{"name":"wp","href":"https:\/\/api.w.org\/{rel}","templated":true}]}}