{"id":30,"date":"2022-02-15T19:56:55","date_gmt":"2022-02-15T19:56:55","guid":{"rendered":"https:\/\/sl.valleywebdesigns.co.uk\/?page_id=30"},"modified":"2022-02-15T19:56:55","modified_gmt":"2022-02-15T19:56:55","slug":"centro-citta","status":"publish","type":"page","link":"https:\/\/swansalesandlettings.co.uk\/it\/centro-citta\/","title":{"rendered":"Centro citt\u00e0"},"content":{"rendered":"<p>Swansea ha un'ottima reputazione come citt\u00e0 per gli studenti e c'\u00e8 qualcosa da vedere e da fare per tutti. Gli abitanti sono rinomati per la loro cordialit\u00e0, ci sono molti negozi e una grande vita notturna. La baia di Swansea \u00e8 bellissima, mentre la vicina Gower \u00e8 uno dei segreti nascosti del Regno Unito. Le spiagge sono ottime come in tutto il Regno Unito. Se preferite andare nell'entroterra, troverete lo splendido scenario delle valli, delle colline e delle montagne gallesi. I collegamenti stradali e ferroviari con il resto del Paese sono buoni.<\/p>\n\n\n\n<p>Se amate lo sport, lo Swansea City gioca in Premiership. La squadra di calcio condivide lo stadio con gli Ospreys, per cui potrete assistere anche alle azioni di Heineken cup e Welsh league Rugby.<\/p>\n\n\n\n<p>Swansea \u00e8 cambiata molto negli ultimi anni. Lo sviluppo della SA1 in un mix di attivit\u00e0 commerciali, residenziali e imprenditoriali \u00e8 quasi completato e il nuovo Boulevard promette di migliorare ulteriormente l'ingresso in citt\u00e0.<\/p>\n\n\n\n<p>Ci sono molte attrazioni come il centro ricreativo all'avanguardia (LC2) situato nel cuore del centro citt\u00e0, il Transport Museum of Wales e la piscina Welsh International.<\/p>\n\n\n\n<p>La vicina Wind Street offre una serie di famosi pub e club, ristoranti e luoghi di intrattenimento, tra cui un cinema multisala all'avanguardia con 12 schermi e un casin\u00f2 da milioni di sterline.<\/p>\n\n\n\n<p>Per coloro che amano esplorare un po' pi\u00f9 lontano, la zona vanta localit\u00e0 turistiche, parchi, grotte e castelli. La penisola di Gower vanta alcune delle baie e delle spiagge pi\u00f9 belle del Regno Unito, con ampie sabbie chiare, insenature seminascoste sotto ripide scogliere e fitti boschi, nonch\u00e9 ottime possibilit\u00e0 di praticare surf e vela. \u00c8 stata la prima area della Gran Bretagna a ricevere il titolo di \"Area di eccezionale bellezza naturale\" dal governo nel 1956.<\/p>\n\n\n\n<p>Se preferite una vita notturna diversa, il vicino villaggio di Mumbles \u00e8 famoso per la sua gamma di ristoranti, pub e negozi locali ed \u00e8 un famoso ritrovo degli studenti di Swansea.<\/p>\n\n\n\n<h3 class=\"wp-block-heading\" id=\"transport-links\">COLLEGAMENTI DI TRASPORTO<\/h3>\n\n\n\n<p>L'Universit\u00e0 del Galles, Trinity St David, Swansea ha il vantaggio di trovarsi proprio nel centro della citt\u00e0. L'Universit\u00e0 di Swansea, invece, \u00e8 ben servita dagli autobus che partono dalla stazione degli autobus.<\/p>\n\n\n\n<h4 class=\"wp-block-heading\" id=\"swansea-university-bus-services\">Servizi di autobus dell'Universit\u00e0 di Swansea<\/h4>\n\n\n\n<p>Per il Campus principale dell'Universit\u00e0, prendere i treni 2A, 3A, 4, 4A, 43 o 116 (nei giorni feriali di giorno, frequenti; - circa quattro all'ora la sera e la domenica). Per il Wales National Pool, si possono prendere gli stessi servizi, ma scendendo alla fermata Singleton Hospital. Il nuovo Bay Campus ha una serie di nuove linee di autobus, tra cui le linee X1, X55, X58, 57, 58 e 244.<\/p>\n\n\n\n<h4 class=\"wp-block-heading\" id=\"university-of-wales-trinity-st-david-swansea-metropolitan-bus-services\">Universit\u00e0 del Galles, Trinity St David, Swansea Metropolitan Servizi di autobus<\/h4>\n\n\n\n<p>Per il campus di Mount Pleasant (principale), i servizi First Bus 11, 12 e 13 (frequenti durante il giorno - ogni mezz'ora la sera e la domenica). Per il campus di Townhill, i servizi First Bus 12 e 13 (frequenti durante la settimana - ogni mezz'ora la sera e la domenica).<\/p>\n\n\n\n<h3 class=\"wp-block-heading\" id=\"links-to-and-from-swansea\">COLLEGAMENTI DA E PER SWANSEA<\/h3>\n\n\n\n<p>Swansea \u00e8 ben servita da auto, autobus e treni. Ci sono servizi di autobus da tutte le parti del Paese attraverso il principale asse autostradale, la M4, e la Great Western gestisce frequenti servizi ferroviari per Londra e per le altre stazioni principali del Regno Unito. Ci sono anche collegamenti diretti con l'ovest e il nord del Galles.<\/p>","protected":false},"excerpt":{"rendered":"<p>Swansea has a great reputation as a city for students and there is something for everyone to see and to do. The people are renowned for their friendliness, there are plenty of shops and a great nightlife. Swansea Bay is beautiful while the nearby Gower is one of the hidden secrets of the UK. The [&hellip;]<\/p>\n","protected":false},"author":1,"featured_media":1484,"parent":0,"menu_order":0,"comment_status":"closed","ping_status":"closed","template":"","meta":{"_kad_blocks_custom_css":"","_kad_blocks_head_custom_js":"","_kad_blocks_body_custom_js":"","_kad_blocks_footer_custom_js":"","footnotes":""},"class_list":["post-30","page","type-page","status-publish","has-post-thumbnail","hentry"],"blocksy_meta":{"styles_descriptor":{"styles":{"desktop":"","tablet":"","mobile":""},"google_fonts":[],"version":6}},"taxonomy_info":[],"featured_image_src_large":["https:\/\/swansalesandlettings.co.uk\/wp-content\/uploads\/2022\/03\/photo-coming-soon-wide.jpg",645,428,false],"author_info":{"display_name":"Rob_John@2","author_link":"https:\/\/swansalesandlettings.co.uk\/it\/author\/rob_john2\/"},"comment_info":"","_links":{"self":[{"href":"https:\/\/swansalesandlettings.co.uk\/it\/wp-json\/wp\/v2\/pages\/30","targetHints":{"allow":["GET"]}}],"collection":[{"href":"https:\/\/swansalesandlettings.co.uk\/it\/wp-json\/wp\/v2\/pages"}],"about":[{"href":"https:\/\/swansalesandlettings.co.uk\/it\/wp-json\/wp\/v2\/types\/page"}],"author":[{"embeddable":true,"href":"https:\/\/swansalesandlettings.co.uk\/it\/wp-json\/wp\/v2\/users\/1"}],"replies":[{"embeddable":true,"href":"https:\/\/swansalesandlettings.co.uk\/it\/wp-json\/wp\/v2\/comments?post=30"}],"version-history":[{"count":1,"href":"https:\/\/swansalesandlettings.co.uk\/it\/wp-json\/wp\/v2\/pages\/30\/revisions"}],"predecessor-version":[{"id":31,"href":"https:\/\/swansalesandlettings.co.uk\/it\/wp-json\/wp\/v2\/pages\/30\/revisions\/31"}],"wp:featuredmedia":[{"embeddable":true,"href":"https:\/\/swansalesandlettings.co.uk\/it\/wp-json\/wp\/v2\/media\/1484"}],"wp:attachment":[{"href":"https:\/\/swansalesandlettings.co.uk\/it\/wp-json\/wp\/v2\/media?parent=30"}],"curies":[{"name":"wp","href":"https:\/\/api.w.org\/{rel}","templated":true}]}}