{"id":44,"date":"2022-02-15T20:02:02","date_gmt":"2022-02-15T20:02:02","guid":{"rendered":"https:\/\/sl.valleywebdesigns.co.uk\/?page_id=44"},"modified":"2022-10-15T10:30:16","modified_gmt":"2022-10-15T09:30:16","slug":"cura-di-te","status":"publish","type":"page","link":"https:\/\/swansalesandlettings.co.uk\/it\/cura-di-te\/","title":{"rendered":"Prendersi cura di voi"},"content":{"rendered":"<div class=\"wp-block-stackable-subtitle stk-block-subtitle stk-block stk-537c716\" data-block-id=\"537c716\"><style>.stk-537c716{margin-bottom:18px !important}.stk-537c716 .stk-block-subtitle__text{font-size:1.4rem !important;color:var(--theme-palette-color-3,#3A4F66) !important;line-height:1em !important;font-weight:bold !important}@media screen and (max-width:999px){.stk-537c716 .stk-block-subtitle__text{font-size:1.4rem !important}}<\/style><p class=\"stk-block-subtitle__text stk-subtitle has-text-color has-palette-color-3-color\">Swan Vendite e affitti<\/p><\/div>\n\n\n\n<div class=\"wp-block-stackable-heading stk-block-heading stk-block stk-636687e\" id=\"why-choose-swan-letting\" data-block-id=\"636687e\"><style>.stk-636687e .stk-block-heading__text{margin:0 !important}.stk-636687e .stk-block-heading__bottom-line{background-color:var(--theme-palette-color-2,#F77F00) !important}<\/style><h2 class=\"stk-block-heading__text has-text-align-left\">Prendersi cura di voi<\/h2><div class=\"stk-block-heading__bottom-line\"><\/div><\/div>\n\n\n\n<p>Ci impegniamo a fornire a tutti i nostri inquilini alloggi, strutture e servizi della migliore qualit\u00e0, anno dopo anno. Per questo motivo troverete una serie di differenze tra vivere in una delle nostre case e affittare altrove.<\/p>\n\n\n\n<h3 class=\"wp-block-heading\" id=\"houses-in-the-best-areas\">CASE NELLE ZONE MIGLIORI<\/h3>\n\n\n\n<p>Le posizioni convenienti in buone zone sono importanti per qualsiasi studente o inquilino. Le nostre case si trovano vicino all'Universit\u00e0 di Swansea, nelle zone di Brynmill e Uplands, oppure nel centro della citt\u00e0, vicino alla Swansea Metropolitan University.<\/p>\n\n\n\n<h3 class=\"wp-block-heading\" id=\"best-standards-of-accommodation\">I MIGLIORI STANDARD DI ALLOGGIO<\/h3>\n\n\n\n<p>Siamo consapevoli che una casa sar\u00e0 la \"casa\" di uno studente per uno o due anni e che, come ogni casa, si desidera che sia ben tenuta, comoda da vivere, sicura e protetta. Le nostre propriet\u00e0 sono sviluppate appositamente per soddisfare le esigenze degli studenti e vengono ispezionate regolarmente per assicurarsi che siano mantenute ai massimi livelli. Aggiorniamo gli infissi e gli arredi e li ridipingiamo regolarmente.<\/p>\n\n\n\n<h3 class=\"wp-block-heading\" id=\"great-facilities\">OTTIME STRUTTURE<\/h3>\n\n\n\n<p>Cerchiamo di fornire i migliori servizi ai nostri inquilini. Includiamo frigo-congelatori di alta qualit\u00e0, lavatrici e caldaie efficienti. Nella maggior parte delle camere abbiamo letti matrimoniali con materassi di buona qualit\u00e0 e le nostre case sono tutte arredate con mobili di alta qualit\u00e0. Le cucine sono dotate di elettrodomestici e accessori moderni ed efficienti. Ogni casa \u00e8 predisposta per l'accesso a Internet e dotata di Wi-Fi. La maggior parte di esse dispone di pi\u00f9 bagni e WC. Potete trovare maggiori dettagli su ogni casa nelle pagine delle propriet\u00e0.<\/p>\n\n\n\n<h3 class=\"wp-block-heading\" id=\"best-service-support-and-care\">IL MIGLIOR SERVIZIO, SUPPORTO E ASSISTENZA<\/h3>\n\n\n\n<p>Ci rendiamo conto che a volte le cose vanno storte, ed \u00e8 per questo che abbiamo il nostro team di manutenzione qui a Swansea. Ci avvaliamo di appaltatori specializzati per garantire che il lavoro sia sempre eseguito secondo gli standard pi\u00f9 elevati. Le case vengono ridipinte regolarmente e le ristrutturazioni esterne sono programmate regolarmente. Ispezioniamo regolarmente le nostre propriet\u00e0 per garantire che tutti gli aspetti siano mantenuti ai massimi livelli.<\/p>\n\n\n\n<p>Per garantirvi la migliore esperienza possibile, ci occupiamo dell'assistenza generale: dall'aiuto nella scelta della casa giusta per voi e nella stesura del contratto, all'ispezione di ogni casa per la manutenzione e i miglioramenti, fino all'assistenza per qualsiasi problema che possa sorgere nel corso del vostro soggiorno con noi. Per noi \u00e8 importante che conosciate le persone responsabili della vostra locazione.<\/p>\n\n\n\n<h3 class=\"wp-block-heading\" id=\"best-terms\">TERMINI MIGLIORI<\/h3>\n\n\n\n<p>Seguiamo quattro semplici regole per garantirvi il miglior servizio:<\/p>\n\n\n\n<ul class=\"wp-block-list\"><li>Affitti ragionevoli<\/li><li>Nessun costo di agenzia\/contratto<\/li><li>Contratti semplici<\/li><li>Pagamenti semplici per il noleggio<\/li><\/ul>\n\n\n\n<p>Tutto questo, e offriamo grandi offerte ai nostri inquilini.<\/p>\n\n\n\n<h3 class=\"wp-block-heading\" id=\"safe-and-secure\">SICURO E PROTETTO<\/h3>\n\n\n\n<p>Tutte le nostre case sono state acquistate e ristrutturate dando la massima priorit\u00e0 alla sicurezza. Tutte le porte d'ingresso sono dotate di serrature di ultima generazione e tutte le porte e le finestre posteriori hanno meccanismi di chiusura adeguati. La sicurezza elettrica e del gas viene controllata e certificata annualmente. In ogni casa sono installati rilevatori di monossido di carbonio, sensori di fumo e di calore. Tutte le case sono registrate e superano i requisiti del sistema di licenze HMO del Consiglio.<\/p>\n\n\n\n<p>Prestiamo inoltre particolare attenzione ad assicurarci che le nostre case si trovino in aree sicure e protette della citt\u00e0.<\/p>","protected":false},"excerpt":{"rendered":"<p>Swan Sales &amp; Lettings Looking after you We strive to provide the best quality housing, facilities, and service to all our tenants year upon year. For that reason you&#8217;ll find a number of differences between living in one of our houses and renting elsewhere. HOUSES IN THE BEST AREAS Convenient locations in good areas are [&hellip;]<\/p>\n","protected":false},"author":1,"featured_media":1484,"parent":0,"menu_order":0,"comment_status":"closed","ping_status":"closed","template":"","meta":{"_kad_blocks_custom_css":"","_kad_blocks_head_custom_js":"","_kad_blocks_body_custom_js":"","_kad_blocks_footer_custom_js":"","footnotes":""},"class_list":["post-44","page","type-page","status-publish","has-post-thumbnail","hentry"],"blocksy_meta":{"styles_descriptor":{"styles":{"desktop":"","tablet":"","mobile":""},"google_fonts":[],"version":6}},"taxonomy_info":[],"featured_image_src_large":["https:\/\/swansalesandlettings.co.uk\/wp-content\/uploads\/2022\/03\/photo-coming-soon-wide.jpg",645,428,false],"author_info":{"display_name":"Rob_John@2","author_link":"https:\/\/swansalesandlettings.co.uk\/it\/author\/rob_john2\/"},"comment_info":"","_links":{"self":[{"href":"https:\/\/swansalesandlettings.co.uk\/it\/wp-json\/wp\/v2\/pages\/44","targetHints":{"allow":["GET"]}}],"collection":[{"href":"https:\/\/swansalesandlettings.co.uk\/it\/wp-json\/wp\/v2\/pages"}],"about":[{"href":"https:\/\/swansalesandlettings.co.uk\/it\/wp-json\/wp\/v2\/types\/page"}],"author":[{"embeddable":true,"href":"https:\/\/swansalesandlettings.co.uk\/it\/wp-json\/wp\/v2\/users\/1"}],"replies":[{"embeddable":true,"href":"https:\/\/swansalesandlettings.co.uk\/it\/wp-json\/wp\/v2\/comments?post=44"}],"version-history":[{"count":22,"href":"https:\/\/swansalesandlettings.co.uk\/it\/wp-json\/wp\/v2\/pages\/44\/revisions"}],"predecessor-version":[{"id":3113,"href":"https:\/\/swansalesandlettings.co.uk\/it\/wp-json\/wp\/v2\/pages\/44\/revisions\/3113"}],"wp:featuredmedia":[{"embeddable":true,"href":"https:\/\/swansalesandlettings.co.uk\/it\/wp-json\/wp\/v2\/media\/1484"}],"wp:attachment":[{"href":"https:\/\/swansalesandlettings.co.uk\/it\/wp-json\/wp\/v2\/media?parent=44"}],"curies":[{"name":"wp","href":"https:\/\/api.w.org\/{rel}","templated":true}]}}